{"id":21852,"date":"2022-03-25T09:50:46","date_gmt":"2022-03-25T08:50:46","guid":{"rendered":"https:\/\/sklep.hewalex.pl\/?post_type=product&#038;p=21852"},"modified":"2026-04-10T00:18:48","modified_gmt":"2026-04-09T22:18:48","slug":"zacisk-uziemienia","status":"publish","type":"product","link":"https:\/\/sklep.hewalex.pl\/en\/product\/zacisk-uziemienia\/","title":{"rendered":"ZACISK UZIEMIENIA"},"content":{"rendered":"","protected":false},"excerpt":{"rendered":"<p>Zacisk jest przeznaczony do po\u0142\u0105czenia uziomu z pr\u0119tem lub przewodem uziomu.<\/p>","protected":false},"featured_media":21856,"comment_status":"closed","ping_status":"closed","template":"","meta":[],"product_brand":[],"product_cat":[131,137],"product_tag":[],"class_list":{"0":"post-21852","1":"product","2":"type-product","3":"status-publish","4":"has-post-thumbnail","6":"product_cat-fotowoltaika","7":"product_cat-osprzet-elektryczny","8":"product_shipping_class-box","10":"first","11":"instock","12":"taxable","13":"shipping-taxable","14":"purchasable","15":"product-type-simple"},"_links":{"self":[{"href":"https:\/\/sklep.hewalex.pl\/en\/wp-json\/wp\/v2\/product\/21852","targetHints":{"allow":["GET"]}}],"collection":[{"href":"https:\/\/sklep.hewalex.pl\/en\/wp-json\/wp\/v2\/product"}],"about":[{"href":"https:\/\/sklep.hewalex.pl\/en\/wp-json\/wp\/v2\/types\/product"}],"replies":[{"embeddable":true,"href":"https:\/\/sklep.hewalex.pl\/en\/wp-json\/wp\/v2\/comments?post=21852"}],"wp:featuredmedia":[{"embeddable":true,"href":"https:\/\/sklep.hewalex.pl\/en\/wp-json\/wp\/v2\/media\/21856"}],"wp:attachment":[{"href":"https:\/\/sklep.hewalex.pl\/en\/wp-json\/wp\/v2\/media?parent=21852"}],"wp:term":[{"taxonomy":"product_brand","embeddable":true,"href":"https:\/\/sklep.hewalex.pl\/en\/wp-json\/wp\/v2\/product_brand?post=21852"},{"taxonomy":"product_cat","embeddable":true,"href":"https:\/\/sklep.hewalex.pl\/en\/wp-json\/wp\/v2\/product_cat?post=21852"},{"taxonomy":"product_tag","embeddable":true,"href":"https:\/\/sklep.hewalex.pl\/en\/wp-json\/wp\/v2\/product_tag?post=21852"}],"curies":[{"name":"wp","href":"https:\/\/api.w.org\/{rel}","templated":true}]}}