{"id":21691,"date":"2021-12-10T14:13:32","date_gmt":"2021-12-10T13:13:32","guid":{"rendered":"https:\/\/sklep.hewalex.pl\/?post_type=product&#038;p=21691"},"modified":"2026-04-06T14:38:17","modified_gmt":"2026-04-06T12:38:17","slug":"mufa-laczaca","status":"publish","type":"product","link":"https:\/\/sklep.hewalex.pl\/en\/product\/mufa-laczaca\/","title":{"rendered":"MUFA \u0141\u0104CZ\u0104CA"},"content":{"rendered":"","protected":false},"excerpt":{"rendered":"<p>Mufa s\u0142u\u017cy do po\u0142\u0105czenia uziomu lub przed\u0142u\u017cki z kolejn\u0105 przed\u0142u\u017ck\u0105 uziomu. Jej g\u0142\u00f3wn\u0105 funkcj\u0105 jest zapewnienie niezawodnego po\u0142\u0105czenia szpilek ze sob\u0105 oraz uniemo\u017cliwienie wyginania na \u0142\u0105czeniu podczas wbijania. Przed monta\u017cem na po\u0142\u0105czeniu gwintowym nale\u017cy nanie\u015b\u0107 smar elektroprzewodz\u0105cy.<\/p>","protected":false},"featured_media":21693,"comment_status":"closed","ping_status":"closed","template":"","meta":[],"product_brand":[],"product_cat":[131,137],"product_tag":[],"class_list":{"0":"post-21691","1":"product","2":"type-product","3":"status-publish","4":"has-post-thumbnail","6":"product_cat-fotowoltaika","7":"product_cat-osprzet-elektryczny","8":"product_shipping_class-box","10":"first","11":"outofstock","12":"taxable","13":"shipping-taxable","14":"purchasable","15":"product-type-simple"},"_links":{"self":[{"href":"https:\/\/sklep.hewalex.pl\/en\/wp-json\/wp\/v2\/product\/21691","targetHints":{"allow":["GET"]}}],"collection":[{"href":"https:\/\/sklep.hewalex.pl\/en\/wp-json\/wp\/v2\/product"}],"about":[{"href":"https:\/\/sklep.hewalex.pl\/en\/wp-json\/wp\/v2\/types\/product"}],"replies":[{"embeddable":true,"href":"https:\/\/sklep.hewalex.pl\/en\/wp-json\/wp\/v2\/comments?post=21691"}],"wp:featuredmedia":[{"embeddable":true,"href":"https:\/\/sklep.hewalex.pl\/en\/wp-json\/wp\/v2\/media\/21693"}],"wp:attachment":[{"href":"https:\/\/sklep.hewalex.pl\/en\/wp-json\/wp\/v2\/media?parent=21691"}],"wp:term":[{"taxonomy":"product_brand","embeddable":true,"href":"https:\/\/sklep.hewalex.pl\/en\/wp-json\/wp\/v2\/product_brand?post=21691"},{"taxonomy":"product_cat","embeddable":true,"href":"https:\/\/sklep.hewalex.pl\/en\/wp-json\/wp\/v2\/product_cat?post=21691"},{"taxonomy":"product_tag","embeddable":true,"href":"https:\/\/sklep.hewalex.pl\/en\/wp-json\/wp\/v2\/product_tag?post=21691"}],"curies":[{"name":"wp","href":"https:\/\/api.w.org\/{rel}","templated":true}]}}