{"id":18199,"date":"2021-09-17T13:41:56","date_gmt":"2021-09-17T11:41:56","guid":{"rendered":"https:\/\/sklep.hewalex.pl\/?post_type=product&#038;p=18199"},"modified":"2026-04-13T01:37:59","modified_gmt":"2026-04-12T23:37:59","slug":"ulotka-pompa-ciepla-pcco-mono-a5-pakiet-100-szt","status":"publish","type":"product","link":"https:\/\/sklep.hewalex.pl\/en\/product\/ulotka-pompa-ciepla-pcco-mono-a5-pakiet-100-szt\/","title":{"rendered":"Ulotka Pompa Ciep\u0142a PCCO MONO A5 pakiet (100 szt.)"},"content":{"rendered":"<p>Ulotka Pompa Ciep\u0142a PCCO MONO A5 jest dostarczana w pakietach po 100 szt. Format ulotki A5, papier offsetowy 90 g, wydruk kolorowy.<\/p>\n<p><span style=\"color: #333399\"><strong>UWAGA: w polu uwag przy zam\u00f3wieniu ulotek prosz\u0119 poda\u0107 dok\u0142adne dane dla wykonania nadruku. W razie braku informacji, przyjmuje si\u0119 do nadruku dane adresowe z bazy danych Hewalex. Nie ponosimy odpowiedzialno\u015bci za poprawno\u015b\u0107 przekazanych do nadruku danych.<\/strong><\/span><\/p>\n<p><img decoding=\"async\" class=\"alignnone size-full wp-image-5808\" src=\"https:\/\/sklep.hewalex.pl\/wp-content\/uploads\/2020\/03\/18-06-2020-07-34-10.jpg\" alt=\"\" width=\"1391\" height=\"661\" srcset=\"https:\/\/sklep.hewalex.pl\/wp-content\/uploads\/2020\/03\/18-06-2020-07-34-10.jpg 1391w, https:\/\/sklep.hewalex.pl\/wp-content\/uploads\/2020\/03\/18-06-2020-07-34-10-600x285.jpg 600w, https:\/\/sklep.hewalex.pl\/wp-content\/uploads\/2020\/03\/18-06-2020-07-34-10-700x333.jpg 700w, https:\/\/sklep.hewalex.pl\/wp-content\/uploads\/2020\/03\/18-06-2020-07-34-10-768x365.jpg 768w, https:\/\/sklep.hewalex.pl\/wp-content\/uploads\/2020\/03\/18-06-2020-07-34-10-640x304.jpg 640w, https:\/\/sklep.hewalex.pl\/wp-content\/uploads\/2020\/03\/18-06-2020-07-34-10-400x190.jpg 400w\" sizes=\"(max-width: 1391px) 100vw, 1391px\" \/><\/p>\n<p>&nbsp;<\/p>","protected":false},"excerpt":{"rendered":"<p>Ulotka Pompa Ciep\u0142a PCCO MONO A5 jest przeznaczona do dystrybucji przez wykonawc\u00f3w system\u00f3w z pompami ciep\u0142a do ogrzewania i ch\u0142odzenia budynk\u00f3w PCCO MONO. Stopka adresowa na odwrocie ulotki jest personalizowana zgodnie z informacj\u0105 uzyskan\u0105 od zamawiaj\u0105cego.<\/p>\n<p><span style=\"color: #333399\"><strong>UWAGA: ulotka jest zamawiana w pakietach po 100 szt. Nadruk z danymi w\u0142asnymi firmy mo\u017ce mie\u0107 wy\u0142\u0105cznie form\u0119 tekstow\u0105 (bez element\u00f3w graficznych).<\/strong><\/span><\/p>\n<p>&nbsp;<\/p>\n<p>&nbsp;<\/p>","protected":false},"featured_media":18200,"comment_status":"closed","ping_status":"closed","template":"","meta":[],"product_brand":[],"product_cat":[167,264],"product_tag":[],"class_list":{"0":"post-18199","1":"product","2":"type-product","3":"status-publish","4":"has-post-thumbnail","6":"product_cat-pompy-ciepla-pcco","7":"product_cat-uslugi-dodatkowe-pompy-ciepla-pcco","8":"product_shipping_class-box","10":"first","11":"onbackorder","12":"taxable","13":"shipping-taxable","14":"purchasable","15":"product-type-simple"},"_links":{"self":[{"href":"https:\/\/sklep.hewalex.pl\/en\/wp-json\/wp\/v2\/product\/18199","targetHints":{"allow":["GET"]}}],"collection":[{"href":"https:\/\/sklep.hewalex.pl\/en\/wp-json\/wp\/v2\/product"}],"about":[{"href":"https:\/\/sklep.hewalex.pl\/en\/wp-json\/wp\/v2\/types\/product"}],"replies":[{"embeddable":true,"href":"https:\/\/sklep.hewalex.pl\/en\/wp-json\/wp\/v2\/comments?post=18199"}],"wp:featuredmedia":[{"embeddable":true,"href":"https:\/\/sklep.hewalex.pl\/en\/wp-json\/wp\/v2\/media\/18200"}],"wp:attachment":[{"href":"https:\/\/sklep.hewalex.pl\/en\/wp-json\/wp\/v2\/media?parent=18199"}],"wp:term":[{"taxonomy":"product_brand","embeddable":true,"href":"https:\/\/sklep.hewalex.pl\/en\/wp-json\/wp\/v2\/product_brand?post=18199"},{"taxonomy":"product_cat","embeddable":true,"href":"https:\/\/sklep.hewalex.pl\/en\/wp-json\/wp\/v2\/product_cat?post=18199"},{"taxonomy":"product_tag","embeddable":true,"href":"https:\/\/sklep.hewalex.pl\/en\/wp-json\/wp\/v2\/product_tag?post=18199"}],"curies":[{"name":"wp","href":"https:\/\/api.w.org\/{rel}","templated":true}]}}