{"id":1809,"date":"2019-10-02T12:38:55","date_gmt":"2019-10-02T11:38:55","guid":{"rendered":"https:\/\/sklep.hewalex.pl\/?post_type=product&#038;p=1809"},"modified":"2026-04-09T20:46:00","modified_gmt":"2026-04-09T18:46:00","slug":"rozdzielnica-ac-1-b10a","status":"publish","type":"product","link":"https:\/\/sklep.hewalex.pl\/en\/product\/rozdzielnica-ac-1-b10a\/","title":{"rendered":"ROZDZIELNICA AC 1 B10A &#8211; SALE"},"content":{"rendered":"","protected":false},"excerpt":{"rendered":"<p>Rozdzielnica AC 1 B10A jest przeznaczona do wsp\u00f3\u0142pracy z <strong>inwerterami 1-fazowymi o mocy 2 kW<\/strong>. Posiada wy\u0142\u0105cznik nadpr\u0105dowy oraz przew\u00f3d przystosowany do pod\u0142\u0105czenia do z\u0142\u0105czki inwertera.<\/p>","protected":false},"featured_media":1875,"comment_status":"closed","ping_status":"closed","template":"","meta":[],"product_brand":[],"product_cat":[360,137,123],"product_tag":[],"class_list":{"0":"post-1809","1":"product","2":"type-product","3":"status-publish","4":"has-post-thumbnail","6":"product_cat-fotowoltaika-wyprzedaz","7":"product_cat-osprzet-elektryczny","8":"product_cat-wyprzedaz","9":"product_shipping_class-box","11":"first","12":"instock","13":"taxable","14":"shipping-taxable","15":"purchasable","16":"product-type-simple"},"_links":{"self":[{"href":"https:\/\/sklep.hewalex.pl\/en\/wp-json\/wp\/v2\/product\/1809","targetHints":{"allow":["GET"]}}],"collection":[{"href":"https:\/\/sklep.hewalex.pl\/en\/wp-json\/wp\/v2\/product"}],"about":[{"href":"https:\/\/sklep.hewalex.pl\/en\/wp-json\/wp\/v2\/types\/product"}],"replies":[{"embeddable":true,"href":"https:\/\/sklep.hewalex.pl\/en\/wp-json\/wp\/v2\/comments?post=1809"}],"wp:featuredmedia":[{"embeddable":true,"href":"https:\/\/sklep.hewalex.pl\/en\/wp-json\/wp\/v2\/media\/1875"}],"wp:attachment":[{"href":"https:\/\/sklep.hewalex.pl\/en\/wp-json\/wp\/v2\/media?parent=1809"}],"wp:term":[{"taxonomy":"product_brand","embeddable":true,"href":"https:\/\/sklep.hewalex.pl\/en\/wp-json\/wp\/v2\/product_brand?post=1809"},{"taxonomy":"product_cat","embeddable":true,"href":"https:\/\/sklep.hewalex.pl\/en\/wp-json\/wp\/v2\/product_cat?post=1809"},{"taxonomy":"product_tag","embeddable":true,"href":"https:\/\/sklep.hewalex.pl\/en\/wp-json\/wp\/v2\/product_tag?post=1809"}],"curies":[{"name":"wp","href":"https:\/\/api.w.org\/{rel}","templated":true}]}}