{"id":17073,"date":"2021-08-13T16:29:36","date_gmt":"2021-08-13T14:29:36","guid":{"rendered":"https:\/\/sklep.hewalex.pl\/?post_type=product&#038;p=17073"},"modified":"2026-04-10T10:03:14","modified_gmt":"2026-04-10T08:03:14","slug":"szorty-emerton-z-logo-hewalex","status":"publish","type":"product","link":"https:\/\/sklep.hewalex.pl\/en\/product\/szorty-emerton-z-logo-hewalex\/","title":{"rendered":"Szorty Emerton"},"content":{"rendered":"","protected":false},"excerpt":{"rendered":"<p>Wygodne i wytrzyma\u0142e szorty Emerton. Wzmacniane materia\u0142em poliestrowym 600D, posiadaj\u0105 z p\u0119telk\u0119 na m\u0142otek. Zaprojektowane z my\u015bl\u0105 o wymagaj\u0105cych warunkach pracy. Tabel\u0119 rozmiar\u00f3w odzie\u017cy roboczej Emerton znajdziesz <strong><a href=\"https:\/\/sklep.hewalex.pl\/wp-content\/uploads\/2021\/08\/rozmiary-szorty.pdf\" target=\"_blank\" rel=\"noopener\">tutaj<\/a><\/strong><\/p>\n<div class=\"description woocommerce-product-details__short-description\">\n<p>Czas realizacji zam\u00f3wienia: 10 dni roboczych<\/p>\n<\/div>","protected":false},"featured_media":35808,"comment_status":"closed","ping_status":"closed","template":"","meta":[],"product_brand":[],"product_cat":[232],"product_tag":[],"class_list":{"0":"post-17073","1":"product","2":"type-product","3":"status-publish","4":"has-post-thumbnail","6":"product_cat-gadzety","7":"product_shipping_class-box","9":"first","10":"instock","11":"taxable","12":"shipping-taxable","13":"purchasable","14":"product-type-variable"},"_links":{"self":[{"href":"https:\/\/sklep.hewalex.pl\/en\/wp-json\/wp\/v2\/product\/17073","targetHints":{"allow":["GET"]}}],"collection":[{"href":"https:\/\/sklep.hewalex.pl\/en\/wp-json\/wp\/v2\/product"}],"about":[{"href":"https:\/\/sklep.hewalex.pl\/en\/wp-json\/wp\/v2\/types\/product"}],"replies":[{"embeddable":true,"href":"https:\/\/sklep.hewalex.pl\/en\/wp-json\/wp\/v2\/comments?post=17073"}],"wp:featuredmedia":[{"embeddable":true,"href":"https:\/\/sklep.hewalex.pl\/en\/wp-json\/wp\/v2\/media\/35808"}],"wp:attachment":[{"href":"https:\/\/sklep.hewalex.pl\/en\/wp-json\/wp\/v2\/media?parent=17073"}],"wp:term":[{"taxonomy":"product_brand","embeddable":true,"href":"https:\/\/sklep.hewalex.pl\/en\/wp-json\/wp\/v2\/product_brand?post=17073"},{"taxonomy":"product_cat","embeddable":true,"href":"https:\/\/sklep.hewalex.pl\/en\/wp-json\/wp\/v2\/product_cat?post=17073"},{"taxonomy":"product_tag","embeddable":true,"href":"https:\/\/sklep.hewalex.pl\/en\/wp-json\/wp\/v2\/product_tag?post=17073"}],"curies":[{"name":"wp","href":"https:\/\/api.w.org\/{rel}","templated":true}]}}