{"id":17065,"date":"2021-08-13T16:23:37","date_gmt":"2021-08-13T14:23:37","guid":{"rendered":"https:\/\/sklep.hewalex.pl\/?post_type=product&#038;p=17065"},"modified":"2026-04-09T09:48:15","modified_gmt":"2026-04-09T07:48:15","slug":"czapka-z-daszkiem-z-logo-hewalex","status":"publish","type":"product","link":"https:\/\/sklep.hewalex.pl\/en\/product\/czapka-z-daszkiem-z-logo-hewalex\/","title":{"rendered":"Czapka z daszkiem"},"content":{"rendered":"","protected":false},"excerpt":{"rendered":"<p>Czapka z daszkiem Emerton w kolorze granatowym. Czapka w rozmiarze uniwersalnym z mo\u017cliwo\u015bci\u0105 regulacji. Zapinana na metalow\u0105 klamr\u0119.<\/p>\n<div class=\"description woocommerce-product-details__short-description\">\n<p>Czas realizacji zam\u00f3wienia: 10 dni roboczych<\/p>\n<\/div>","protected":false},"featured_media":35802,"comment_status":"closed","ping_status":"closed","template":"","meta":[],"product_brand":[],"product_cat":[232],"product_tag":[],"class_list":{"0":"post-17065","1":"product","2":"type-product","3":"status-publish","4":"has-post-thumbnail","6":"product_cat-gadzety","7":"product_shipping_class-box","9":"first","10":"instock","11":"taxable","12":"shipping-taxable","13":"purchasable","14":"product-type-simple"},"_links":{"self":[{"href":"https:\/\/sklep.hewalex.pl\/en\/wp-json\/wp\/v2\/product\/17065","targetHints":{"allow":["GET"]}}],"collection":[{"href":"https:\/\/sklep.hewalex.pl\/en\/wp-json\/wp\/v2\/product"}],"about":[{"href":"https:\/\/sklep.hewalex.pl\/en\/wp-json\/wp\/v2\/types\/product"}],"replies":[{"embeddable":true,"href":"https:\/\/sklep.hewalex.pl\/en\/wp-json\/wp\/v2\/comments?post=17065"}],"wp:featuredmedia":[{"embeddable":true,"href":"https:\/\/sklep.hewalex.pl\/en\/wp-json\/wp\/v2\/media\/35802"}],"wp:attachment":[{"href":"https:\/\/sklep.hewalex.pl\/en\/wp-json\/wp\/v2\/media?parent=17065"}],"wp:term":[{"taxonomy":"product_brand","embeddable":true,"href":"https:\/\/sklep.hewalex.pl\/en\/wp-json\/wp\/v2\/product_brand?post=17065"},{"taxonomy":"product_cat","embeddable":true,"href":"https:\/\/sklep.hewalex.pl\/en\/wp-json\/wp\/v2\/product_cat?post=17065"},{"taxonomy":"product_tag","embeddable":true,"href":"https:\/\/sklep.hewalex.pl\/en\/wp-json\/wp\/v2\/product_tag?post=17065"}],"curies":[{"name":"wp","href":"https:\/\/api.w.org\/{rel}","templated":true}]}}