{"id":13806,"date":"2021-05-11T09:32:33","date_gmt":"2021-05-11T07:32:33","guid":{"rendered":"https:\/\/sklep.hewalex.pl\/?post_type=product&#038;p=13806"},"modified":"2026-04-21T16:18:03","modified_gmt":"2026-04-21T14:18:03","slug":"jinko-solar-jkm-380-60hlm-v-bf","status":"publish","type":"product","link":"https:\/\/sklep.hewalex.pl\/en\/product\/jinko-solar-jkm-380-60hlm-v-bf\/","title":{"rendered":"JINKO SOLAR JKM 380-60HLM-V BF &#8211; SALE"},"content":{"rendered":"<p>Panel fotowoltaiczny JKM380M-60HML-V-BF wykonany w technologii monokrystalicznej, cechuje si\u0119 podwy\u017cszon\u0105 do 20,83% sprawno\u015bci\u0105. Panel jest wykonany w technologii ogniw multibusbarowych ci\u0119tych na p\u00f3\u0142, kt\u00f3ra polega na zastosowaniu w ogniwach a\u017c 9 \u015bcie\u017cek przewodz\u0105cych pr\u0105d (bus bar) zamiast tradycyjnie od 3 do 5. Wi\u0119ksza liczba przek\u0142ada si\u0119 na wi\u0119ksz\u0105 odporno\u015b\u0107 na mikrop\u0119kni\u0119cia powoduj\u0105ce zmniejszanie mocy panelu. Panele cechuj\u0105 si\u0119 tak\u017ce zwi\u0119kszonym dopuszczalnym obci\u0105\u017ceniem pr\u0105dem rewersyjnym (zacienienie!).<\/p>\n<h4 class=\"heading-primary\">Korzy\u015bci z technologii zastosowanych w panelu Jinko 380 W:<\/h4>\n<ul>\n<li>zwi\u0119kszona moc wyj\u015bciowa do 380 Wat<\/li>\n<li>obni\u017cona wra\u017cliwo\u015b\u0107 na zacienianie<\/li>\n<li>ni\u017csze ryzyko wyst\u0119powania tzw. hot spot\u00f3w<\/li>\n<li>zwi\u0119kszona odporno\u015b\u0107 na obci\u0105\u017cenia mechaniczne<\/li>\n<li>pe\u0142na swoboda przy projektowaniu instalacji<\/li>\n<li>czarne estetyczne obramowanie panelu<\/li>\n<\/ul>\n<p><img decoding=\"async\" class=\"wp-image-1324\" src=\"http:\/\/sklep.hewalex.pl\/wp-content\/uploads\/2018\/05\/pdf-ico-300x300.png\" alt=\"\" width=\"34\" height=\"34\" \/> <a href=\"https:\/\/sklep.hewalex.pl\/wp-content\/uploads\/2021\/05\/JKM380M-60HLM-V_05_2021b.pdf\">Karta produktu \u2013 panel fotowoltaiczny JKM 380-60HLM-V BF<\/a><\/p>","protected":false},"excerpt":{"rendered":"<p>Panel fotowoltaiczny Jinko 380 W zbudowany jest z multibusbarowych ogniw PERC ci\u0119tych na p\u00f3\u0142, co gwarantuje wy\u017csz\u0105 moc wyj\u015bciow\u0105, korzystniejszy wsp\u00f3\u0142czynnik temperaturowy, obni\u017con\u0105 wra\u017cliwo\u015b\u0107 na zacienienie, ni\u017csze ryzyko wyst\u0105pienia hot spot\u00f3w oraz wy\u017csz\u0105 odporno\u015b\u0107 na obci\u0105\u017cenia mechaniczne. Cechuje si\u0119 podwy\u017cszon\u0105 do 20,83% sprawno\u015bci\u0105.<\/p>\n<p><span style=\"color: #000000\"><span style=\"font-family: Arial, serif\"><span style=\"font-size: medium\"><b>UWAGA: Panel ma wi\u0119ksze rozmiary od standardowego o mocy 340 W lub 345 W. Posiada czarne obramowanie, polecamy dla niego zamawianie dostosowanych do niego docisk\u00f3w \u015brodkowych i skrajnych w CZARNYM KOLORZE..<\/b><\/span><\/span><\/span><\/p>","protected":false},"featured_media":18770,"comment_status":"closed","ping_status":"closed","template":"","meta":[],"product_brand":[],"product_cat":[360,123],"product_tag":[],"class_list":{"0":"post-13806","1":"product","2":"type-product","3":"status-publish","4":"has-post-thumbnail","6":"product_cat-fotowoltaika-wyprzedaz","7":"product_cat-wyprzedaz","8":"product_shipping_class-pallet","10":"first","11":"instock","12":"taxable","13":"shipping-taxable","14":"purchasable","15":"product-type-simple"},"_links":{"self":[{"href":"https:\/\/sklep.hewalex.pl\/en\/wp-json\/wp\/v2\/product\/13806","targetHints":{"allow":["GET"]}}],"collection":[{"href":"https:\/\/sklep.hewalex.pl\/en\/wp-json\/wp\/v2\/product"}],"about":[{"href":"https:\/\/sklep.hewalex.pl\/en\/wp-json\/wp\/v2\/types\/product"}],"replies":[{"embeddable":true,"href":"https:\/\/sklep.hewalex.pl\/en\/wp-json\/wp\/v2\/comments?post=13806"}],"wp:featuredmedia":[{"embeddable":true,"href":"https:\/\/sklep.hewalex.pl\/en\/wp-json\/wp\/v2\/media\/18770"}],"wp:attachment":[{"href":"https:\/\/sklep.hewalex.pl\/en\/wp-json\/wp\/v2\/media?parent=13806"}],"wp:term":[{"taxonomy":"product_brand","embeddable":true,"href":"https:\/\/sklep.hewalex.pl\/en\/wp-json\/wp\/v2\/product_brand?post=13806"},{"taxonomy":"product_cat","embeddable":true,"href":"https:\/\/sklep.hewalex.pl\/en\/wp-json\/wp\/v2\/product_cat?post=13806"},{"taxonomy":"product_tag","embeddable":true,"href":"https:\/\/sklep.hewalex.pl\/en\/wp-json\/wp\/v2\/product_tag?post=13806"}],"curies":[{"name":"wp","href":"https:\/\/api.w.org\/{rel}","templated":true}]}}