{"id":12672,"date":"2021-04-08T07:48:57","date_gmt":"2021-04-08T05:48:57","guid":{"rendered":"https:\/\/sklep.hewalex.pl\/?post_type=product&#038;p=12672"},"modified":"2026-04-04T10:32:54","modified_gmt":"2026-04-04T08:32:54","slug":"anoda-lancuszkowa-vf300-vf400-vf500-kompakt300","status":"publish","type":"product","link":"https:\/\/sklep.hewalex.pl\/en\/product\/anoda-lancuszkowa-vf300-vf400-vf500-kompakt300\/","title":{"rendered":"Anoda \u0142a\u0144cuszkowa VF300, VF400, VF500, KOMPAKT300"},"content":{"rendered":"<div class=\"row\">\n<h2>Pliki do pobrania:<\/h2>\n<p><img decoding=\"async\" class=\"wp-image-1324\" src=\"http:\/\/sklep.hewalex.pl\/wp-content\/uploads\/2018\/05\/pdf-ico-300x300.png\" alt=\"\" width=\"34\" height=\"34\" \/> <a href=\"https:\/\/sklep.hewalex.pl\/wp-content\/uploads\/2021\/04\/anoda-magnezowa-lancuszkowa-1cal.pdf\">Anoda magnezowa \u0142a\u0144cuszkowa 1cal<\/a><\/p>\n<\/div>","protected":false},"excerpt":{"rendered":"<p>Element eksploatacyjny zasobnik\u00f3w i podgrzewaczy stalowych emaliowanych, zapewniaj\u0105cy dodatkow\u0105 ochron\u0119 przed korozj\u0105. Zaleca si\u0119 kontrol\u0119 stanu anody co najmniej raz na dwa lata i jej wymian\u0119 w przypadku stwierdzenia zu\u017cycia w stopniu wi\u0119kszym ni\u017c 1\/2 pocz\u0105tkowej obj\u0119to\u015bci. Regularna i udokumentowana zmiana anody mo\u017ce by\u0107 warunkiem utrzymania gwarancji urz\u0105dzenia.<br \/>\nAnoda \u0142a\u0144cuszkowa jest stosowana w sytuacji braku przestrzeni do monta\u017cu anody w postaci pr\u0119ta o standardowej d\u0142ugo\u015bci.<br \/>\nD\u0142ugo\u015b\u0107: 1590mm<br \/>\nRodzaj gwintu: 1&#8221;<br \/>\nPrzeznaczenie: Zasobniki HEWALEX \/ VINKELMANN, seria VF(300 \/ 400 \/ 500), KOMPAKT300<\/p>","protected":false},"featured_media":41309,"comment_status":"closed","ping_status":"closed","template":"","meta":[],"product_brand":[],"product_cat":[374,371,295],"product_tag":[],"class_list":{"0":"post-12672","1":"product","2":"type-product","3":"status-publish","4":"has-post-thumbnail","6":"product_cat-anody-czesci-zamienne","7":"product_cat-technika-solarna-czesci-zamienne","8":"product_cat-czesci-zamienne","9":"product_shipping_class-box","11":"first","12":"instock","13":"taxable","14":"shipping-taxable","15":"purchasable","16":"product-type-simple"},"_links":{"self":[{"href":"https:\/\/sklep.hewalex.pl\/en\/wp-json\/wp\/v2\/product\/12672","targetHints":{"allow":["GET"]}}],"collection":[{"href":"https:\/\/sklep.hewalex.pl\/en\/wp-json\/wp\/v2\/product"}],"about":[{"href":"https:\/\/sklep.hewalex.pl\/en\/wp-json\/wp\/v2\/types\/product"}],"replies":[{"embeddable":true,"href":"https:\/\/sklep.hewalex.pl\/en\/wp-json\/wp\/v2\/comments?post=12672"}],"wp:featuredmedia":[{"embeddable":true,"href":"https:\/\/sklep.hewalex.pl\/en\/wp-json\/wp\/v2\/media\/41309"}],"wp:attachment":[{"href":"https:\/\/sklep.hewalex.pl\/en\/wp-json\/wp\/v2\/media?parent=12672"}],"wp:term":[{"taxonomy":"product_brand","embeddable":true,"href":"https:\/\/sklep.hewalex.pl\/en\/wp-json\/wp\/v2\/product_brand?post=12672"},{"taxonomy":"product_cat","embeddable":true,"href":"https:\/\/sklep.hewalex.pl\/en\/wp-json\/wp\/v2\/product_cat?post=12672"},{"taxonomy":"product_tag","embeddable":true,"href":"https:\/\/sklep.hewalex.pl\/en\/wp-json\/wp\/v2\/product_tag?post=12672"}],"curies":[{"name":"wp","href":"https:\/\/api.w.org\/{rel}","templated":true}]}}