{"id":12649,"date":"2021-04-07T18:49:10","date_gmt":"2021-04-07T16:49:10","guid":{"rendered":"https:\/\/sklep.hewalex.pl\/?post_type=product&#038;p=12649"},"modified":"2026-04-11T15:17:52","modified_gmt":"2026-04-11T13:17:52","slug":"anoda-do-podgrzewaczy-integra-400-500-800","status":"publish","type":"product","link":"https:\/\/sklep.hewalex.pl\/en\/product\/anoda-do-podgrzewaczy-integra-400-500-800\/","title":{"rendered":"Anoda do podgrzewaczy INTEGRA 400\/500\/800"},"content":{"rendered":"<p>&nbsp;<\/p>\n<p>&nbsp;<\/p>","protected":false},"excerpt":{"rendered":"<p>Element eksploatacyjny zasobnik\u00f3w i podgrzewaczy stalowych emaliowanych, zapewniaj\u0105cy dodatkow\u0105 ochron\u0119 przed korozj\u0105. Zaleca si\u0119 kontrol\u0119 stanu anody co najmniej raz na dwa lata i jej wymian\u0119 w przypadku stwierdzenia zu\u017cycia w stopniu wi\u0119kszym ni\u017c 1\/2 pocz\u0105tkowej obj\u0119to\u015bci. Regularna i udokumentowana zmiana anody mo\u017ce by\u0107 warunkiem utrzymania gwarancji urz\u0105dzenia.<br \/>\n\u015arednica x d\u0142ugo\u015b\u0107 pr\u0119ta: 22 x 400 mm<br \/>\nRodzaj gwintu: 3\/4&#8221;<br \/>\nPrzeznaczenie: Zasobniki HEWALEX \/ DZ DRAZICE, seria INTEGRA(400 \/ 500), NADO &#8211; od 2010 r.<\/p>","protected":false},"featured_media":41315,"comment_status":"closed","ping_status":"closed","template":"","meta":[],"product_brand":[],"product_cat":[374,371,295],"product_tag":[],"class_list":{"0":"post-12649","1":"product","2":"type-product","3":"status-publish","4":"has-post-thumbnail","6":"product_cat-anody-czesci-zamienne","7":"product_cat-technika-solarna-czesci-zamienne","8":"product_cat-czesci-zamienne","9":"product_shipping_class-box","11":"first","12":"instock","13":"taxable","14":"shipping-taxable","15":"purchasable","16":"product-type-simple"},"_links":{"self":[{"href":"https:\/\/sklep.hewalex.pl\/en\/wp-json\/wp\/v2\/product\/12649","targetHints":{"allow":["GET"]}}],"collection":[{"href":"https:\/\/sklep.hewalex.pl\/en\/wp-json\/wp\/v2\/product"}],"about":[{"href":"https:\/\/sklep.hewalex.pl\/en\/wp-json\/wp\/v2\/types\/product"}],"replies":[{"embeddable":true,"href":"https:\/\/sklep.hewalex.pl\/en\/wp-json\/wp\/v2\/comments?post=12649"}],"wp:featuredmedia":[{"embeddable":true,"href":"https:\/\/sklep.hewalex.pl\/en\/wp-json\/wp\/v2\/media\/41315"}],"wp:attachment":[{"href":"https:\/\/sklep.hewalex.pl\/en\/wp-json\/wp\/v2\/media?parent=12649"}],"wp:term":[{"taxonomy":"product_brand","embeddable":true,"href":"https:\/\/sklep.hewalex.pl\/en\/wp-json\/wp\/v2\/product_brand?post=12649"},{"taxonomy":"product_cat","embeddable":true,"href":"https:\/\/sklep.hewalex.pl\/en\/wp-json\/wp\/v2\/product_cat?post=12649"},{"taxonomy":"product_tag","embeddable":true,"href":"https:\/\/sklep.hewalex.pl\/en\/wp-json\/wp\/v2\/product_tag?post=12649"}],"curies":[{"name":"wp","href":"https:\/\/api.w.org\/{rel}","templated":true}]}}