{"id":12170,"date":"2021-03-29T13:34:59","date_gmt":"2021-03-29T11:34:59","guid":{"rendered":"https:\/\/sklep.hewalex.pl\/?post_type=product&#038;p=12170"},"modified":"2026-04-10T08:47:32","modified_gmt":"2026-04-10T06:47:32","slug":"ja-solar-jam72s20-455-mr-bf","status":"publish","type":"product","link":"https:\/\/sklep.hewalex.pl\/en\/product\/ja-solar-jam72s20-455-mr-bf\/","title":{"rendered":"JA SOLAR JAM72S20-455\/MR-BF &#8211; SALE"},"content":{"rendered":"<p>Panel fotowoltaiczny JA SOLAR 455\/MR-BF wykonany jest w technologii monokrystalicznej i cechuje si\u0119 podwy\u017cszon\u0105 do 20,4% sprawno\u015bci\u0105. Panel jest wykonany w technologii <strong>ogniw multibusbarowych ci\u0119tych na p\u00f3\u0142<\/strong>, kt\u00f3ra polega na zastosowaniu w ogniwach a\u017c 9 \u015bcie\u017cek przewodz\u0105cych pr\u0105d (bus bar) zamiast tradycyjnie od 3 do 5. Wi\u0119ksza liczba przek\u0142ada si\u0119 na wi\u0119ksz\u0105 odporno\u015b\u0107 na mikrop\u0119kni\u0119cia powoduj\u0105ce zmniejszanie mocy panelu. Panele cechuj\u0105 si\u0119 tak\u017ce zwi\u0119kszonym dopuszczalnym obci\u0105\u017ceniem pr\u0105dem rewersyjnym (istotne dla eliminacji niekorzystnego wp\u0142ywu zacieniania paneli).<\/p>\n<h4 class=\"heading-primary\">Korzy\u015bci z technologii zastosowanych w panelu JA SOLAR 455\/MR-BF:<\/h4>\n<ul>\n<li>zwi\u0119kszona moc wyj\u015bciowa do 455 Wat<\/li>\n<li>obni\u017cona wra\u017cliwo\u015b\u0107 na zacienianie<\/li>\n<li>ni\u017csze ryzyko wyst\u0119powania tzw. hot spot\u00f3w<\/li>\n<li>zwi\u0119kszona odporno\u015b\u0107 na obci\u0105\u017cenia mechaniczne<\/li>\n<li>pe\u0142na swoboda przy projektowaniu instalacji<\/li>\n<li><strong>czarne estetyczne obramowanie panelu<\/strong><\/li>\n<\/ul>\n<p><img decoding=\"async\" class=\"wp-image-1324\" src=\"http:\/\/sklep.hewalex.pl\/wp-content\/uploads\/2018\/05\/pdf-ico-300x300.png\" alt=\"\" width=\"34\" height=\"34\" \/> <a href=\"https:\/\/sklep.hewalex.pl\/wp-content\/uploads\/2021\/04\/JA-SOLAR-455_PL_rev1.pdf\">Karta produktu &#8211; panel fotowoltaiczny JA SOLAR 455\/MR-BF<\/a><\/p>\n<p><img decoding=\"async\" class=\"wp-image-1324\" src=\"http:\/\/sklep.hewalex.pl\/wp-content\/uploads\/2018\/05\/pdf-ico-300x300.png\" alt=\"\" width=\"34\" height=\"34\" \/> <a href=\"https:\/\/sklep.hewalex.pl\/wp-content\/uploads\/2020\/10\/dlaczego-ja-solar-kilka-faktow-o-topowych-panelach-pv-edycja-112020-min.pdf\">Dlaczego JA Solar? Kilka fakt\u00f3w o topowych panelach PV (edycja 11.2020)<\/a><\/p>","protected":false},"excerpt":{"rendered":"<p>Panel fotowoltaiczny JA SOLAR 455\/MR-BF zbudowany jest z multibusbarowych ogniw PERC ci\u0119tych na p\u00f3\u0142, co gwarantuje wy\u017csz\u0105 moc wyj\u015bciow\u0105, korzystniejszy wsp\u00f3\u0142czynnik temperaturowy, obni\u017con\u0105 wra\u017cliwo\u015b\u0107 na zacienienie, ni\u017csze ryzyko wyst\u0105pienia hot spot\u00f3w oraz wy\u017csz\u0105 odporno\u015b\u0107 na obci\u0105\u017cenia mechaniczne. Cechuje si\u0119 podwy\u017cszon\u0105 do 20,4% sprawno\u015bci\u0105.<\/p>\n<p><span style=\"color: #000000\"><span style=\"font-family: Arial, serif\"><span style=\"font-size: medium\"><b>UWAGA: Panel ma wi\u0119ksze rozmiary od standardowe<\/b><\/span><\/span><\/span><span style=\"color: #000000\"><span style=\"font-family: Arial, serif\"><span style=\"font-size: medium\"><b>go o mocy 340W i 380W.\u00a0<\/b><\/span><\/span><\/span> <span style=\"color: #000000\"><span style=\"font-family: Arial, serif\"><span style=\"font-size: medium\"><b>Posiada czarne obramowanie, polecamy dla niego zamawianie dostosowanych do niego\u00a0<\/b><\/span><\/span><\/span><a href=\"https:\/\/sklep.hewalex.pl\/produkt\/docisk-pv-srodkowy-35-czarny-kpl-2-szt\/\"><span style=\"color: #3366ff\"><span style=\"font-family: Arial, serif\"><span style=\"font-size: medium\"><u><b>docisk\u00f3w \u015brodkowych<\/b><\/u><\/span><\/span><\/span><\/a><span style=\"color: #000000\"><span style=\"font-family: Arial, serif\"><span style=\"font-size: medium\"><b>\u00a0i\u00a0<\/b><\/span><\/span><\/span><a href=\"https:\/\/sklep.hewalex.pl\/produkt\/docisk-pv-skrajny-35-czarny-kpl-4-szt\/\"><span style=\"color: #3366ff\"><span style=\"font-family: Arial, serif\"><span style=\"font-size: medium\"><u><b>skrajnych<\/b><\/u><\/span><\/span><\/span><\/a><span style=\"color: #000000\"><span style=\"font-family: Arial, serif\"><span style=\"font-size: medium\"><b> w CZARNYM KOLORZE.<\/b><\/span><\/span><\/span><\/p>\n<p>&nbsp;<\/p>","protected":false},"featured_media":12582,"comment_status":"closed","ping_status":"closed","template":"","meta":[],"product_brand":[],"product_cat":[360,123],"product_tag":[],"class_list":{"0":"post-12170","1":"product","2":"type-product","3":"status-publish","4":"has-post-thumbnail","6":"product_cat-fotowoltaika-wyprzedaz","7":"product_cat-wyprzedaz","8":"product_shipping_class-paleta-maxi","10":"first","11":"instock","12":"taxable","13":"shipping-taxable","14":"purchasable","15":"product-type-simple"},"_links":{"self":[{"href":"https:\/\/sklep.hewalex.pl\/en\/wp-json\/wp\/v2\/product\/12170","targetHints":{"allow":["GET"]}}],"collection":[{"href":"https:\/\/sklep.hewalex.pl\/en\/wp-json\/wp\/v2\/product"}],"about":[{"href":"https:\/\/sklep.hewalex.pl\/en\/wp-json\/wp\/v2\/types\/product"}],"replies":[{"embeddable":true,"href":"https:\/\/sklep.hewalex.pl\/en\/wp-json\/wp\/v2\/comments?post=12170"}],"wp:featuredmedia":[{"embeddable":true,"href":"https:\/\/sklep.hewalex.pl\/en\/wp-json\/wp\/v2\/media\/12582"}],"wp:attachment":[{"href":"https:\/\/sklep.hewalex.pl\/en\/wp-json\/wp\/v2\/media?parent=12170"}],"wp:term":[{"taxonomy":"product_brand","embeddable":true,"href":"https:\/\/sklep.hewalex.pl\/en\/wp-json\/wp\/v2\/product_brand?post=12170"},{"taxonomy":"product_cat","embeddable":true,"href":"https:\/\/sklep.hewalex.pl\/en\/wp-json\/wp\/v2\/product_cat?post=12170"},{"taxonomy":"product_tag","embeddable":true,"href":"https:\/\/sklep.hewalex.pl\/en\/wp-json\/wp\/v2\/product_tag?post=12170"}],"curies":[{"name":"wp","href":"https:\/\/api.w.org\/{rel}","templated":true}]}}