{"id":12035,"date":"2021-03-25T13:53:50","date_gmt":"2021-03-25T12:53:50","guid":{"rendered":"https:\/\/sklep.hewalex.pl\/?post_type=product&#038;p=12035"},"modified":"2026-04-10T08:02:30","modified_gmt":"2026-04-10T06:02:30","slug":"wtyczka-komunikacyjna-solis","status":"publish","type":"product","link":"https:\/\/sklep.hewalex.pl\/en\/product\/wtyczka-komunikacyjna-solis\/","title":{"rendered":"Przew\u00f3d z wtyczk\u0105 do inwertera"},"content":{"rendered":"","protected":false},"excerpt":{"rendered":"<p>Przew\u00f3d z wtyczk\u0105 do inwertera stanowi wyposa\u017cenie dodatkowe i umo\u017cliwia pod\u0142\u0105czenie systemu OPTI-ENER 2.0 oraz Konwertera PV do inwertera SOLIS. Komunikacja zapewnia u\u017cytkownikowi dost\u0119p do pomiar\u00f3w po stronie pr\u0105du sta\u0142ego takich jak nat\u0119\u017cenie, napi\u0119cie, a tak\u017ce zezwala na zdaln\u0105 blokad\u0119 mocy produkowanej przez inwerter.<\/p>","protected":false},"featured_media":12066,"comment_status":"closed","ping_status":"closed","template":"","meta":[],"product_brand":[],"product_cat":[180,107],"product_tag":[],"class_list":{"0":"post-12035","1":"product","2":"type-product","3":"status-publish","4":"has-post-thumbnail","6":"product_cat-system-opti-ener","7":"product_cat-akcesoria","8":"product_shipping_class-box","10":"first","11":"instock","12":"taxable","13":"shipping-taxable","14":"purchasable","15":"product-type-simple"},"_links":{"self":[{"href":"https:\/\/sklep.hewalex.pl\/en\/wp-json\/wp\/v2\/product\/12035","targetHints":{"allow":["GET"]}}],"collection":[{"href":"https:\/\/sklep.hewalex.pl\/en\/wp-json\/wp\/v2\/product"}],"about":[{"href":"https:\/\/sklep.hewalex.pl\/en\/wp-json\/wp\/v2\/types\/product"}],"replies":[{"embeddable":true,"href":"https:\/\/sklep.hewalex.pl\/en\/wp-json\/wp\/v2\/comments?post=12035"}],"wp:featuredmedia":[{"embeddable":true,"href":"https:\/\/sklep.hewalex.pl\/en\/wp-json\/wp\/v2\/media\/12066"}],"wp:attachment":[{"href":"https:\/\/sklep.hewalex.pl\/en\/wp-json\/wp\/v2\/media?parent=12035"}],"wp:term":[{"taxonomy":"product_brand","embeddable":true,"href":"https:\/\/sklep.hewalex.pl\/en\/wp-json\/wp\/v2\/product_brand?post=12035"},{"taxonomy":"product_cat","embeddable":true,"href":"https:\/\/sklep.hewalex.pl\/en\/wp-json\/wp\/v2\/product_cat?post=12035"},{"taxonomy":"product_tag","embeddable":true,"href":"https:\/\/sklep.hewalex.pl\/en\/wp-json\/wp\/v2\/product_tag?post=12035"}],"curies":[{"name":"wp","href":"https:\/\/api.w.org\/{rel}","templated":true}]}}