{"id":1111,"date":"2018-03-12T08:23:33","date_gmt":"2018-03-12T07:23:33","guid":{"rendered":"http:\/\/sklep.hewalex.pl\/?post_type=product&#038;p=1111"},"modified":"2026-04-15T00:30:48","modified_gmt":"2026-04-14T22:30:48","slug":"modul-radiowy-g931","status":"publish","type":"product","link":"https:\/\/sklep.hewalex.pl\/en\/product\/modul-radiowy-g931\/","title":{"rendered":"Modu\u0142 radiowy G931"},"content":{"rendered":"<h4 class=\"heading-primary mt-xlg\">Zastosowanie Modu\u0142u radiowego G931 w systemie OPTI-ENER<\/h4>\n<p>Komplet\u00a0<strong>Modu\u0142u radiowego G931<\/strong>\u00a0sk\u0142ada si\u0119 z dw\u00f3ch element\u00f3w. Ka\u017cdy z nich jest pod\u0142\u0105czany do maj\u0105cych si\u0119 ze sob\u0105 komunikowa\u0107 urz\u0105dze\u0144. Przyk\u0142adowo do centralnej jednostki\u00a0<strong>OPTI-ENER<\/strong>\u00a0pod\u0142\u0105czany jest jeden z element\u00f3w Modu\u0142u radiowego G931, a do modu\u0142u\u00a0<strong>OPTI-TEMP<\/strong>\u00a0drugi element modu\u0142u radiowego. S\u0105 one pod\u0142\u0105czane do gniazd\u00a0<strong>RS485<\/strong>\u00a0i zast\u0119puj\u0105 tym samym standardowy przew\u00f3d komunikacyjny. W taki sam spos\u00f3b mo\u017cna zapewni\u0107 bezprzewodow\u0105 komunikacj\u0119 g\u0142\u00f3wnej jednostki\u00a0<strong>OPTI-ENER<\/strong>\u00a0z modemem\u00a0<strong>EKO-LAN<\/strong>\u00a0oraz modu\u0142em rozszerzaj\u0105cym\u00a0<strong>Konwerter PV<\/strong>.<\/p>\n<h4 class=\"heading-primary mt-xlg\">Miejsce Modu\u0142u radiowego G931 w systemie OPTI-ENER<\/h4>\n<p><strong>Modu\u0142y radiowe G931\u00a0<\/strong>mog\u0105 by\u0107 pod\u0142\u0105czane do centralnej jednostki\u00a0<strong>OPTI-ENER<\/strong>, modemu <strong>EKO-LAN<\/strong>, modu\u0142u <strong>OPTI-TEMP<\/strong> a tak\u017ce do <strong>Konwertera PV<\/strong>.<\/p>\n<p>&nbsp;<\/p>\n<p>&nbsp;<\/p>\n<p><img decoding=\"async\" class=\"wp-image-43595 size-full aligncenter\" src=\"https:\/\/sklep.hewalex.pl\/wp-content\/uploads\/2018\/03\/opti-ener-schemat-modul-radiowy.jpg\" alt=\"\" width=\"1205\" height=\"412\" srcset=\"https:\/\/sklep.hewalex.pl\/wp-content\/uploads\/2018\/03\/opti-ener-schemat-modul-radiowy.jpg 1205w, https:\/\/sklep.hewalex.pl\/wp-content\/uploads\/2018\/03\/opti-ener-schemat-modul-radiowy-700x239.jpg 700w, https:\/\/sklep.hewalex.pl\/wp-content\/uploads\/2018\/03\/opti-ener-schemat-modul-radiowy-768x263.jpg 768w, https:\/\/sklep.hewalex.pl\/wp-content\/uploads\/2018\/03\/opti-ener-schemat-modul-radiowy-640x219.jpg 640w, https:\/\/sklep.hewalex.pl\/wp-content\/uploads\/2018\/03\/opti-ener-schemat-modul-radiowy-400x137.jpg 400w, https:\/\/sklep.hewalex.pl\/wp-content\/uploads\/2018\/03\/opti-ener-schemat-modul-radiowy-600x205.jpg 600w\" sizes=\"(max-width: 1205px) 100vw, 1205px\" \/><\/p>\n<p>&nbsp;<\/p>\n<h4 class=\"heading-primary mt-xlg\">Zastosowanie Modu\u0142u radiowego G931 dla sterownika G422, GH26 i G426<\/h4>\n<p>Komplet\u00a0<strong>Modu\u0142u radiowego G931<\/strong>\u00a0sk\u0142ada si\u0119 z dw\u00f3ch element\u00f3w. Jeden z nich pod\u0142\u0105czany jest do gniazda\u00a0<strong>RS485<\/strong>\u00a0w sterowniku\u00a0<strong>G422<\/strong>\u00a0(wersja sterownika instalacji solarnej zabudowana w Zespole Pompowo-Sterowniczym ZPS),\u00a0<strong>GH26<\/strong>\u00a0(wersja sterownika instalacji sterownika do zabudowy na \u015bcianie) lub\u00a0<strong>G426<\/strong>\u00a0(sterownik pompy ciep\u0142a typoszeregu PCCO i PCWU). Drugi element jest pod\u0142\u0105czany do gniazda\u00a0<strong>RS485<\/strong>\u00a0modemu\u00a0<strong>EKO-LAN<\/strong>. Dzi\u0119ki temu mo\u017cna zapewni\u0107 komunikacj\u0119 bezprzewodow\u0105 pomi\u0119dzy sterownikiem, a modemem\u00a0<strong>EKO-LAN<\/strong>, w sytuacji gdy nie jest mo\u017cliwe po\u0142\u0105czenie ich przewodem komunikacyjnym. Wsp\u00f3\u0142praca sterownika\u00a0<strong>G422<\/strong>,\u00a0<strong>GH26<\/strong>\u00a0lub\u00a0<strong>G426<\/strong>\u00a0z modemem\u00a0<strong>EKO-LAN<\/strong>\u00a0pozwala skorzysta\u0107 z opcji zdalnego nadzoru pracy instalacji solarnej lub pompy ciep\u0142a przez Internet przy wykorzystaniu systemu\u00a0<strong>EKONTROL<\/strong>.<\/p>\n<figure id=\"attachment_1261\" aria-describedby=\"caption-attachment-1261\" style=\"width: 1000px\" class=\"wp-caption alignnone\"><img decoding=\"async\" class=\"wp-image-1261 size-full\" src=\"http:\/\/sklep.hewalex.pl\/wp-content\/uploads\/2018\/03\/schemat-3-1.jpg\" alt=\"Schemat po\u0142\u0105czenia sterownika instalacji solarnej G422 z modemem EKO-LAN, za pomoc\u0105 Modu\u0142u radiowego G931\" width=\"1000\" height=\"296\" srcset=\"https:\/\/sklep.hewalex.pl\/wp-content\/uploads\/2018\/03\/schemat-3-1.jpg 1000w, https:\/\/sklep.hewalex.pl\/wp-content\/uploads\/2018\/03\/schemat-3-1-600x178.jpg 600w, https:\/\/sklep.hewalex.pl\/wp-content\/uploads\/2018\/03\/schemat-3-1-768x227.jpg 768w, https:\/\/sklep.hewalex.pl\/wp-content\/uploads\/2018\/03\/schemat-3-1-700x207.jpg 700w\" sizes=\"(max-width: 1000px) 100vw, 1000px\" \/><figcaption id=\"caption-attachment-1261\" class=\"wp-caption-text\">Schemat po\u0142\u0105czenia sterownika instalacji solarnej G422 z modemem EKO-LAN, za pomoc\u0105 Modu\u0142u radiowego<\/figcaption><\/figure>\n<p>&nbsp;<\/p>\n<p><img decoding=\"async\" class=\"wp-image-1324\" src=\"https:\/\/sklep.hewalex.pl\/wp-content\/uploads\/2018\/05\/pdf-ico-300x300.png\" alt=\"\" width=\"58\" height=\"58\" \/> <a href=\"https:\/\/sklep.hewalex.pl\/wp-content\/uploads\/2018\/03\/Hewalex_Radio-G931_instrukcja-montazu_10.09.2020_rev1.pdf\">Instrukcja monta\u017cu &#8211; Hewalex Radio G931<\/a><\/p>","protected":false},"excerpt":{"rendered":"<p><strong>Modu\u0142 radiowy G931<\/strong>\u00a0stanowi opcjonalne wyposa\u017cenie systemu OPTI-ENER, a tak\u017ce sterownika instalacji solarnej G422 i GH26 (od wersji -P06) lub sterownika pomp ciep\u0142a G426. Umo\u017cliwia bezprzewodow\u0105 komunikacj\u0119 pomi\u0119dzy urz\u0105dzeniami (sterownikiem, modu\u0142ami systemu OPTI-ENER i modemem EKO-LAN)<\/p>","protected":false},"featured_media":1112,"comment_status":"closed","ping_status":"closed","template":"","meta":[],"product_brand":[],"product_cat":[180,107],"product_tag":[117],"class_list":{"0":"post-1111","1":"product","2":"type-product","3":"status-publish","4":"has-post-thumbnail","6":"product_cat-system-opti-ener","7":"product_cat-akcesoria","8":"product_tag-modul-radiowy-g931","9":"product_shipping_class-box","11":"first","12":"instock","13":"taxable","14":"shipping-taxable","15":"purchasable","16":"product-type-simple"},"_links":{"self":[{"href":"https:\/\/sklep.hewalex.pl\/en\/wp-json\/wp\/v2\/product\/1111","targetHints":{"allow":["GET"]}}],"collection":[{"href":"https:\/\/sklep.hewalex.pl\/en\/wp-json\/wp\/v2\/product"}],"about":[{"href":"https:\/\/sklep.hewalex.pl\/en\/wp-json\/wp\/v2\/types\/product"}],"replies":[{"embeddable":true,"href":"https:\/\/sklep.hewalex.pl\/en\/wp-json\/wp\/v2\/comments?post=1111"}],"wp:featuredmedia":[{"embeddable":true,"href":"https:\/\/sklep.hewalex.pl\/en\/wp-json\/wp\/v2\/media\/1112"}],"wp:attachment":[{"href":"https:\/\/sklep.hewalex.pl\/en\/wp-json\/wp\/v2\/media?parent=1111"}],"wp:term":[{"taxonomy":"product_brand","embeddable":true,"href":"https:\/\/sklep.hewalex.pl\/en\/wp-json\/wp\/v2\/product_brand?post=1111"},{"taxonomy":"product_cat","embeddable":true,"href":"https:\/\/sklep.hewalex.pl\/en\/wp-json\/wp\/v2\/product_cat?post=1111"},{"taxonomy":"product_tag","embeddable":true,"href":"https:\/\/sklep.hewalex.pl\/en\/wp-json\/wp\/v2\/product_tag?post=1111"}],"curies":[{"name":"wp","href":"https:\/\/api.w.org\/{rel}","templated":true}]}}