{"id":10586,"date":"2021-02-01T10:13:20","date_gmt":"2021-02-01T09:13:20","guid":{"rendered":"https:\/\/sklep.hewalex.pl\/?post_type=product&#038;p=10586"},"modified":"2026-04-09T00:13:00","modified_gmt":"2026-04-08T22:13:00","slug":"podkladka-uziemiajaca-pv","status":"publish","type":"product","link":"https:\/\/sklep.hewalex.pl\/en\/product\/podkladka-uziemiajaca-pv\/","title":{"rendered":"Podk\u0142adka uziemiaj\u0105ca PV"},"content":{"rendered":"","protected":false},"excerpt":{"rendered":"<p>S\u0142u\u017cy do wyr\u00f3wnania potencja\u0142\u00f3w konstrukcji i\u00a0ram\u00a0modu\u0142\u00f3w fotowoltaicznych.<br \/>\nZapewnia galwaniczn\u0105 ci\u0105g\u0142o\u015b\u0107 po\u0142\u0105cze\u0144.<br \/>\nWypustki zapewniaj\u0105 solidne i trwa\u0142e po\u0142\u0105czenie.<\/p>","protected":false},"featured_media":10590,"comment_status":"closed","ping_status":"closed","template":"","meta":[],"product_brand":[],"product_cat":[131,135,154],"product_tag":[],"class_list":{"0":"post-10586","1":"product","2":"type-product","3":"status-publish","4":"has-post-thumbnail","6":"product_cat-fotowoltaika","7":"product_cat-systemy-mocowania","8":"product_cat-elementy-dodatkowe","9":"product_shipping_class-box","11":"first","12":"instock","13":"taxable","14":"shipping-taxable","15":"purchasable","16":"product-type-simple"},"_links":{"self":[{"href":"https:\/\/sklep.hewalex.pl\/en\/wp-json\/wp\/v2\/product\/10586","targetHints":{"allow":["GET"]}}],"collection":[{"href":"https:\/\/sklep.hewalex.pl\/en\/wp-json\/wp\/v2\/product"}],"about":[{"href":"https:\/\/sklep.hewalex.pl\/en\/wp-json\/wp\/v2\/types\/product"}],"replies":[{"embeddable":true,"href":"https:\/\/sklep.hewalex.pl\/en\/wp-json\/wp\/v2\/comments?post=10586"}],"wp:featuredmedia":[{"embeddable":true,"href":"https:\/\/sklep.hewalex.pl\/en\/wp-json\/wp\/v2\/media\/10590"}],"wp:attachment":[{"href":"https:\/\/sklep.hewalex.pl\/en\/wp-json\/wp\/v2\/media?parent=10586"}],"wp:term":[{"taxonomy":"product_brand","embeddable":true,"href":"https:\/\/sklep.hewalex.pl\/en\/wp-json\/wp\/v2\/product_brand?post=10586"},{"taxonomy":"product_cat","embeddable":true,"href":"https:\/\/sklep.hewalex.pl\/en\/wp-json\/wp\/v2\/product_cat?post=10586"},{"taxonomy":"product_tag","embeddable":true,"href":"https:\/\/sklep.hewalex.pl\/en\/wp-json\/wp\/v2\/product_tag?post=10586"}],"curies":[{"name":"wp","href":"https:\/\/api.w.org\/{rel}","templated":true}]}}