{"id":1041,"date":"2018-02-26T15:32:09","date_gmt":"2018-02-26T14:32:09","guid":{"rendered":"http:\/\/sklep.hewalex.pl\/?post_type=product&#038;p=1041"},"modified":"2026-04-10T06:00:43","modified_gmt":"2026-04-10T04:00:43","slug":"modem-eko-lan","status":"publish","type":"product","link":"https:\/\/sklep.hewalex.pl\/en\/product\/modem-eko-lan\/","title":{"rendered":"Modem EKO-LAN"},"content":{"rendered":"<h4 class=\"heading-primary mt-xlg\">Zastosowanie Modemu EKO-LAN do wsp\u00f3\u0142pracy ze sterownikiem G422, GH26 i G426<\/h4>\n<p>Wsp\u00f3\u0142praca sterownika\u00a0<strong>G422<\/strong>,\u00a0<strong>GH26<\/strong>\u00a0lub\u00a0<strong>G426<\/strong>\u00a0z Modemem\u00a0<strong>EKO-LAN<\/strong>\u00a0pozwala skorzysta\u0107 z opcji zdalnego nadzoru pracy instalacji solarnej lub pompy ciep\u0142a przez Internet przy wykorzystaniu systemu\u00a0<strong>EKONTROL<\/strong>\u00a0(ekontrol.pl). Modem mo\u017ce by\u0107 po\u0142\u0105czony ze sterownikiem przewodem komunikacyjnym RS485 lub te\u017c bezprzewodowo za pomoc\u0105\u00a0<strong>Modu\u0142u radiowego G931<\/strong>\u00a0(jak w poni\u017cszym przyk\u0142adzie).<\/p>\n<figure id=\"attachment_1259\" aria-describedby=\"caption-attachment-1259\" style=\"width: 1000px\" class=\"wp-caption alignnone\"><img decoding=\"async\" class=\"wp-image-1259 size-full\" src=\"http:\/\/sklep.hewalex.pl\/wp-content\/uploads\/2018\/02\/schemat-4.jpg\" alt=\"Schemat po\u0142\u0105czenia sterownika instalacji solarnej G422 z modemem EKO-LAN, za pomoc\u0105 Modu\u0142u radiowego G931\" width=\"1000\" height=\"291\" srcset=\"https:\/\/sklep.hewalex.pl\/wp-content\/uploads\/2018\/02\/schemat-4.jpg 1000w, https:\/\/sklep.hewalex.pl\/wp-content\/uploads\/2018\/02\/schemat-4-600x175.jpg 600w, https:\/\/sklep.hewalex.pl\/wp-content\/uploads\/2018\/02\/schemat-4-768x223.jpg 768w, https:\/\/sklep.hewalex.pl\/wp-content\/uploads\/2018\/02\/schemat-4-700x204.jpg 700w\" sizes=\"(max-width: 1000px) 100vw, 1000px\" \/><figcaption id=\"caption-attachment-1259\" class=\"wp-caption-text\">Schemat po\u0142\u0105czenia sterownika instalacji solarnej G422 z Modemem EKO-LAN<\/figcaption><\/figure>\n<h4 class=\"heading-primary mt-xlg\">Zastosowanie Modemu EKO-LAN w systemie OPTI-ENER<\/h4>\n<p>Wsp\u00f3\u0142praca modu\u0142u\u00a0<strong>OPTI-ENER<\/strong>\u00a0z modemem<strong>\u00a0EKO-LAN<\/strong>\u00a0pozwala na obs\u0142ug\u0119 systemu\u00a0<strong>OPTI-ENER<\/strong>. Modem\u00a0<strong>EKO-LAN<\/strong>\u00a0jest standardowo pod\u0142\u0105czany do modu\u0142u\u00a0<strong>OPTI-ENER<\/strong>\u00a0za pomoc\u0105 przewodu komunikacyjnego RS485. W razie potrzeby (np. znaczna odleg\u0142o\u015b\u0107 pomi\u0119dzy gniazdem sieci internetowej, a miejscem zabudowy modu\u0142u\u00a0<strong>OPTI-ENER<\/strong>) modem\u00a0<strong>EKO-LAN<\/strong>\u00a0mo\u017cna po\u0142\u0105czy\u0107 z modu\u0142em\u00a0<strong>OPTI-ENER<\/strong>\u00a0za pomoc\u0105\u00a0<strong>Modu\u0142u radiowego G931<\/strong>.<\/p>\n<figure id=\"attachment_1260\" aria-describedby=\"caption-attachment-1260\" style=\"width: 1000px\" class=\"wp-caption alignnone\"><img decoding=\"async\" class=\"size-full wp-image-1260\" src=\"http:\/\/sklep.hewalex.pl\/wp-content\/uploads\/2018\/02\/schemat-6.jpg\" alt=\"Schemat po\u0142\u0105czenia modu\u0142u OPTI-ENER z modemem EKO-LAN, za pomoc\u0105 Modu\u0142u radiowego G931\" width=\"1000\" height=\"362\" srcset=\"https:\/\/sklep.hewalex.pl\/wp-content\/uploads\/2018\/02\/schemat-6.jpg 1000w, https:\/\/sklep.hewalex.pl\/wp-content\/uploads\/2018\/02\/schemat-6-600x217.jpg 600w, https:\/\/sklep.hewalex.pl\/wp-content\/uploads\/2018\/02\/schemat-6-768x278.jpg 768w, https:\/\/sklep.hewalex.pl\/wp-content\/uploads\/2018\/02\/schemat-6-700x253.jpg 700w\" sizes=\"(max-width: 1000px) 100vw, 1000px\" \/><figcaption id=\"caption-attachment-1260\" class=\"wp-caption-text\">Schemat po\u0142\u0105czenia modu\u0142u OPTI-ENER z Modemem EKO-LAN<\/figcaption><\/figure>\n<p><span style=\"color: #f16a00\"><strong>Uwaga:<\/strong> dla funkcjonowania i obs\u0142ugi systemu\u00a0OPTI-ENER, konieczne jest posiadanie\u00a0Modemu EKO-LAN.\u00a0 Je\u017celi nie jest on w posiadaniu inwestora, nale\u017cy dokona\u0107 odr\u0119bnego zam\u00f3wienia. Modem EKO-LAN pozwala pod\u0142\u0105czy\u0107 dowoln\u0105 liczb\u0119 urz\u0105dze\u0144 i mo\u017ce si\u0119 znajdowa\u0107 w zakresie dostawy niekt\u00f3rych urz\u0105dze\u0144 (np. pomp ciep\u0142a PCCO SPLIT). Nie jest w\u00f3wczas wymagane zamawianie kolejnego\u00a0Modemu EKO-LAN.<\/span><\/p>\n<h4 class=\"heading-primary\">Przegl\u0105d podstawowych funkcji realizowanych dzi\u0119ki zastosowaniu Modemu EKO-LAN<\/h4>\n<ul>\n<li>Zdalny podgl\u0105d aktualnych parametr\u00f3w pracy monitorowanego urz\u0105dzenia i systemu<\/li>\n<li>Zdalna obs\u0142uga urz\u0105dzenia i systemu poprzez zmian\u0119 parametr\u00f3w roboczych<\/li>\n<li>Wysy\u0142anie komunikat\u00f3w o stanach alarmowych w formie e-mail i SMS (przy us\u0142udze <a href=\"https:\/\/ekontrol.pl\/pl\/offer\/\">EKONTROL PREMIUM<\/a>)<\/li>\n<li>24-godzinna archiwizacja danych z ka\u017cdego dnia o stanie pracy urz\u0105dzenia i systemu<\/li>\n<li>Generowanie statystyk z odczytu parametr\u00f3w roboczych urz\u0105dzenia i systemu<\/li>\n<li>Zdalny serwis dostawcy urz\u0105dze\u0144 dla zapewnienia maksymalnej efektywno\u015b\u0107 pracy urz\u0105dzenia i systemu (przy us\u0142udze <a href=\"https:\/\/ekontrol.pl\/pl\/offer\/\">EKONTROL PREMIUM<\/a>)<\/li>\n<\/ul>\n<h2>Do pobrania:<\/h2>\n<p><img decoding=\"async\" class=\"wp-image-1324\" src=\"http:\/\/sklep.hewalex.pl\/wp-content\/uploads\/2018\/05\/pdf-ico-300x300.png\" alt=\"\" width=\"34\" height=\"34\" \/> <a href=\"https:\/\/sklep.hewalex.pl\/wp-content\/uploads\/2018\/02\/HEWALEX_Modem-EKO-LAN_G567_instrukcja-obslugi-i-montazu_12313.pdf\" target=\"_blank\" rel=\"noopener noreferrer\">Instrukcja monta\u017cu i obs\u0142ugi EKO-LAN<\/a><\/p>","protected":false},"excerpt":{"rendered":"<p><strong>Modem EKO-LAN<\/strong>\u00a0stanowi urz\u0105dzenie nadawczo-odbiorcze, umo\u017cliwiaj\u0105ce dwukierunkow\u0105 wymian\u0119 informacji pomi\u0119dzy jedynym lub kilkoma urz\u0105dzeniami jednocze\u015bnie, a serwerem wymiany danych.<\/p>","protected":false},"featured_media":1120,"comment_status":"closed","ping_status":"closed","template":"","meta":[],"product_brand":[],"product_cat":[271],"product_tag":[112,114,113,109],"class_list":{"0":"post-1041","1":"product","2":"type-product","3":"status-publish","4":"has-post-thumbnail","6":"product_cat-ekontrol","7":"product_tag-eko-lan","8":"product_tag-ekontrol","9":"product_tag-modem","10":"product_tag-opti-ener","11":"product_shipping_class-box","13":"first","14":"instock","15":"taxable","16":"shipping-taxable","17":"purchasable","18":"product-type-simple"},"_links":{"self":[{"href":"https:\/\/sklep.hewalex.pl\/en\/wp-json\/wp\/v2\/product\/1041","targetHints":{"allow":["GET"]}}],"collection":[{"href":"https:\/\/sklep.hewalex.pl\/en\/wp-json\/wp\/v2\/product"}],"about":[{"href":"https:\/\/sklep.hewalex.pl\/en\/wp-json\/wp\/v2\/types\/product"}],"replies":[{"embeddable":true,"href":"https:\/\/sklep.hewalex.pl\/en\/wp-json\/wp\/v2\/comments?post=1041"}],"wp:featuredmedia":[{"embeddable":true,"href":"https:\/\/sklep.hewalex.pl\/en\/wp-json\/wp\/v2\/media\/1120"}],"wp:attachment":[{"href":"https:\/\/sklep.hewalex.pl\/en\/wp-json\/wp\/v2\/media?parent=1041"}],"wp:term":[{"taxonomy":"product_brand","embeddable":true,"href":"https:\/\/sklep.hewalex.pl\/en\/wp-json\/wp\/v2\/product_brand?post=1041"},{"taxonomy":"product_cat","embeddable":true,"href":"https:\/\/sklep.hewalex.pl\/en\/wp-json\/wp\/v2\/product_cat?post=1041"},{"taxonomy":"product_tag","embeddable":true,"href":"https:\/\/sklep.hewalex.pl\/en\/wp-json\/wp\/v2\/product_tag?post=1041"}],"curies":[{"name":"wp","href":"https:\/\/api.w.org\/{rel}","templated":true}]}}