{"id":1040,"date":"2018-02-26T15:31:14","date_gmt":"2018-02-26T14:31:14","guid":{"rendered":"http:\/\/sklep.hewalex.pl\/?post_type=product&#038;p=1040"},"modified":"2026-04-15T00:30:42","modified_gmt":"2026-04-14T22:30:42","slug":"przekladnik-pradowy-az0500","status":"publish","type":"product","link":"https:\/\/sklep.hewalex.pl\/en\/product\/przekladnik-pradowy-az0500\/","title":{"rendered":"Przek\u0142adnik pr\u0105dowy AZ0500"},"content":{"rendered":"<h4 class=\"heading-primary mt-xlg\">Zastosowanie przek\u0142adnik\u00f3w pr\u0105dowych AZ0500<\/h4>\n<div class=\"col-xs-12\">\n<ul>\n<li>Dla uk\u0142ad\u00f3w pomiarowych napi\u0119cia i\u00a0nat\u0119\u017cenia pr\u0105du: maksymalnie do\u00a0<strong>25 A<\/strong>\u00a0(moc pr\u0105du do\u00a0<strong>5,75 kW<\/strong>)<\/li>\n<li>W przypadku instalacji 3-fazowej maksymalna moc przy\u0142\u0105czeniowa budynku: ok. 5,75 x 3 =\u00a0<strong>17,25 kW<\/strong><\/li>\n<li>Wymagane zastosowanie <strong>4 przek\u0142adnik\u00f3w<\/strong> w przypadku inwertera 1- lub 3-fazowego i instalacji elektrycznej 3-fazowej<\/li>\n<\/ul>\n<h4 class=\"heading-primary mt-xlg\">Dob\u00f3r i zabudowa przek\u0142adnik\u00f3w pr\u0105dowych w instalacji elektrycznej z inwerterem (falownikiem) instalacji fotowoltaicznej<\/h4>\n<p>Liczba przek\u0142adnik\u00f3w niezb\u0119dnych do zastosowania jest zale\u017cna od liczby faz w wewn\u0119trznej instalacji elektrycznej oraz liczby faz inwertera. W przypadku przek\u0142adnik\u00f3w AZ0500 b\u0119d\u0105 one znajdowa\u0107 zastosowanie w instalacjach elektrycznych 1- lub 3-fazowych. W przypadku inwertera 1-fazowego i instalacji 1-fazowej wymagane b\u0119dzie zastosowanie 2 szt. przek\u0142adnika (w zakresie dostawy znajduj\u0105 si\u0119 4 szt., mo\u017cliwe jest wykorzystanie 2 szt. przek\u0142adnika dla innych pomiar\u00f3w). W\u00a0przypadku inwertera 1- lub 3-fazowego i instalacji 3-fazowej\u00a0wymagane b\u0119dzie zastosowanie 4 szt. przek\u0142adnika.\u00a0\u00a0Przek\u0142adniki pr\u0105dowe nale\u017cy zainstalowa\u0107 zgodnie z ich przeznaczeniem i schematem wg instrukcji monta\u017cu i uruchomienia systemu OPTI-ENER.<\/p>\n<\/div>\n<p>&nbsp;<\/p>\n<p><img decoding=\"async\" class=\"wp-image-1324\" src=\"https:\/\/sklep.hewalex.pl\/wp-content\/uploads\/2018\/05\/pdf-ico-300x300.png\" alt=\"\" width=\"29\" height=\"29\" \/> <a href=\"https:\/\/sklep.hewalex.pl\/wp-content\/uploads\/2018\/03\/Karta_AZ.pdf\">Karta produkt &#8211; Przek\u0142adnik pr\u0105dowy AZ<\/a><\/p>","protected":false},"excerpt":{"rendered":"<p><strong>Przek\u0142adnik pr\u0105dowy AZ0500<\/strong> stanowi niezb\u0119dne wyposa\u017cenie systemu OPTI-ENER 1.0 dla dokonywania pomiar\u00f3w napi\u0119cia i nat\u0119\u017cenia pr\u0105du bezpo\u015brednio na przy\u0142\u0105czach elektrycznych inwertera i fazach wewn\u0119trznej instalacji elektrycznej w budynku.<\/p>\n<p>&nbsp;<\/p>\n<p><strong>UWAGA:<\/strong>\u00a0<strong>4 szt. przek\u0142adnika AZ0500<\/strong> jako najcz\u0119\u015bciej stosowanego w ma\u0142ych instalacjach PV, znajduj\u0105 si\u0119 ju\u017c\u00a0<strong>w zakresie dostawy<\/strong> modu\u0142u OPTI-ENER.<\/p>","protected":false},"featured_media":1121,"comment_status":"closed","ping_status":"closed","template":"","meta":[],"product_brand":[],"product_cat":[180,107],"product_tag":[111,110],"class_list":{"0":"post-1040","1":"product","2":"type-product","3":"status-publish","4":"has-post-thumbnail","6":"product_cat-system-opti-ener","7":"product_cat-akcesoria","8":"product_tag-az0500","9":"product_tag-przekladnik-pradowy","10":"product_shipping_class-box","12":"first","13":"instock","14":"taxable","15":"shipping-taxable","16":"purchasable","17":"product-type-simple"},"_links":{"self":[{"href":"https:\/\/sklep.hewalex.pl\/en\/wp-json\/wp\/v2\/product\/1040","targetHints":{"allow":["GET"]}}],"collection":[{"href":"https:\/\/sklep.hewalex.pl\/en\/wp-json\/wp\/v2\/product"}],"about":[{"href":"https:\/\/sklep.hewalex.pl\/en\/wp-json\/wp\/v2\/types\/product"}],"replies":[{"embeddable":true,"href":"https:\/\/sklep.hewalex.pl\/en\/wp-json\/wp\/v2\/comments?post=1040"}],"wp:featuredmedia":[{"embeddable":true,"href":"https:\/\/sklep.hewalex.pl\/en\/wp-json\/wp\/v2\/media\/1121"}],"wp:attachment":[{"href":"https:\/\/sklep.hewalex.pl\/en\/wp-json\/wp\/v2\/media?parent=1040"}],"wp:term":[{"taxonomy":"product_brand","embeddable":true,"href":"https:\/\/sklep.hewalex.pl\/en\/wp-json\/wp\/v2\/product_brand?post=1040"},{"taxonomy":"product_cat","embeddable":true,"href":"https:\/\/sklep.hewalex.pl\/en\/wp-json\/wp\/v2\/product_cat?post=1040"},{"taxonomy":"product_tag","embeddable":true,"href":"https:\/\/sklep.hewalex.pl\/en\/wp-json\/wp\/v2\/product_tag?post=1040"}],"curies":[{"name":"wp","href":"https:\/\/api.w.org\/{rel}","templated":true}]}}