{"id":10221,"date":"2020-12-28T13:33:13","date_gmt":"2020-12-28T12:33:13","guid":{"rendered":"https:\/\/sklep.hewalex.pl\/?post_type=product&#038;p=10221"},"modified":"2026-04-26T22:47:16","modified_gmt":"2026-04-26T20:47:16","slug":"lacznik-przewodu-elastycznego-dn160","status":"publish","type":"product","link":"https:\/\/sklep.hewalex.pl\/en\/product\/lacznik-przewodu-elastycznego-dn160\/","title":{"rendered":"\u0141\u0105cznik przewodu elastycznego DN160"},"content":{"rendered":"<h2>Do pobrania:<\/h2>\n<p><a href=\"https:\/\/sklep.hewalex.pl\/wp-content\/uploads\/2020\/12\/Instrukcja-obslugi-lacznika-przewodu-elastycznego-DN160__05-08-2025.pdf\"><img decoding=\"async\" class=\"wp-image-1324\" src=\"http:\/\/sklep.hewalex.pl\/wp-content\/uploads\/2018\/05\/pdf-ico-300x300.png\" alt=\"\" width=\"34\" height=\"34\" \/> Instrukcja &#8211; \u0141\u0105cznik przewodu elastycznego DN160<\/a><\/p>","protected":false},"excerpt":{"rendered":"<p>\u0141\u0105cznik jest dodatkowym elementem w ofercie na okoliczno\u015b\u0107 rozci\u0119cia przewodu elastycznego DN160 d\u0142ugo\u015bci 5 m. Umo\u017cliwia na\u0142o\u017cenie przewodu elastycznego na przepustnic\u0119 dn160 z obej\u015bciem lub po naklejeniu mikrogumy samoprzylepnej 5mm (znajduj\u0105cej si\u0119 w zestawie) na inne elementy o \u015brednicy DN150.<\/p>","protected":false},"featured_media":10223,"comment_status":"closed","ping_status":"closed","template":"","meta":[],"product_brand":[],"product_cat":[192,220],"product_tag":[],"class_list":{"0":"post-10221","1":"product","2":"type-product","3":"status-publish","4":"has-post-thumbnail","6":"product_cat-pompy-ciepla-pcwu","7":"product_cat-osprzet-dodatkowy-pompy-pcwu","8":"product_shipping_class-box","10":"first","11":"instock","12":"taxable","13":"shipping-taxable","14":"purchasable","15":"product-type-simple"},"_links":{"self":[{"href":"https:\/\/sklep.hewalex.pl\/en\/wp-json\/wp\/v2\/product\/10221","targetHints":{"allow":["GET"]}}],"collection":[{"href":"https:\/\/sklep.hewalex.pl\/en\/wp-json\/wp\/v2\/product"}],"about":[{"href":"https:\/\/sklep.hewalex.pl\/en\/wp-json\/wp\/v2\/types\/product"}],"replies":[{"embeddable":true,"href":"https:\/\/sklep.hewalex.pl\/en\/wp-json\/wp\/v2\/comments?post=10221"}],"wp:featuredmedia":[{"embeddable":true,"href":"https:\/\/sklep.hewalex.pl\/en\/wp-json\/wp\/v2\/media\/10223"}],"wp:attachment":[{"href":"https:\/\/sklep.hewalex.pl\/en\/wp-json\/wp\/v2\/media?parent=10221"}],"wp:term":[{"taxonomy":"product_brand","embeddable":true,"href":"https:\/\/sklep.hewalex.pl\/en\/wp-json\/wp\/v2\/product_brand?post=10221"},{"taxonomy":"product_cat","embeddable":true,"href":"https:\/\/sklep.hewalex.pl\/en\/wp-json\/wp\/v2\/product_cat?post=10221"},{"taxonomy":"product_tag","embeddable":true,"href":"https:\/\/sklep.hewalex.pl\/en\/wp-json\/wp\/v2\/product_tag?post=10221"}],"curies":[{"name":"wp","href":"https:\/\/api.w.org\/{rel}","templated":true}]}}