{"id":55,"date":"2016-06-13T15:48:45","date_gmt":"2016-06-13T14:48:45","guid":{"rendered":"http:\/\/sw-themes.com\/porto_dummy\/?page_id=55"},"modified":"2024-06-14T09:26:24","modified_gmt":"2024-06-14T07:26:24","slug":"about-us","status":"publish","type":"page","link":"https:\/\/sklep.hewalex.pl\/en\/about-us\/","title":{"rendered":"About us"},"content":{"rendered":"<h2 class=\"row\">\u00a035 lat rozwoju w bran\u017cy OZE \u2013 od wizji do wiod\u0105cego producenta<\/h2>\n<p>Rozw\u00f3j firmy Hewalex zapocz\u0105tkowany zosta\u0142 35 lat temu na d\u0142ugo przed intensywnym rozwoju polskiego rynku Odnawialnych \u0179r\u00f3de\u0142 Energii. U podstaw rozwoju na prze\u0142omie lat 80\/90-tych le\u017ca\u0142a wizja spodziewanej konieczno\u015bci ograniczania zu\u017cycia tradycyjnych no\u015bnik\u00f3w energii. Od samego pocz\u0105tku priorytetem by\u0142o zapewnienie wysokiej jako\u015bci i sprawno\u015bci produkowanych urz\u0105dze\u0144, kt\u00f3re w pierwszych latach istnienia firmy niemal w ca\u0142o\u015bci trafia\u0142y na wymagaj\u0105ce rynki Europy Zachodniej. Wykwalifikowana 200-osobowa kadra i uzyskane na bazie wielu lat do\u015bwiadczenie pozwala wspiera\u0107 realizacj\u0119 tak\u017ce niestandardowych projekt\u00f3w inwestycyjnych, a tak\u017ce uczestniczy\u0107 w mi\u0119dzynarodowych projektach badawczo-rozwojowych zwi\u0105zanych na przyk\u0142ad z solarnym ch\u0142odzeniem budynk\u00f3w.<\/p>\n<h3>Czo\u0142owy producent na rynku polskim z ugruntowan\u0105 pozycj\u0105 na rynku europejskim<\/h3>\n<p>Firma Hewalex zajmuje wiod\u0105c\u0105 pozycj\u0119 na rynku polskim w zakresie sprzeda\u017cy kolektor\u00f3w s\u0142onecznych, komponent\u00f3w instalacji solarnych oraz pomp ciep\u0142a. Wed\u0142ug raport\u00f3w Instytutu Energetyki Odnawialnej IEO monitoruj\u0105cego polski rynek kolektor\u00f3w s\u0142onecznych i przekazuj\u0105cego dane krajowe dla raport\u00f3w Europejskiej Federacji Przemys\u0142u Energetyki S\u0142onecznej ESTIF, firma Hewalex zajmuje 1 miejsce sprzeda\u017cy kolektor\u00f3w s\u0142onecznych. Produkty firmy Hewalex s\u0105 znane w wi\u0119kszo\u015bci kraj\u00f3w europejskich zajmuj\u0105c w niekt\u00f3rych znacz\u0105cy udzia\u0142 rynkowy. Wed\u0142ug najnowszego raportu solrico ze stycznia 2018 r., firma znajduje si\u0119 w TOP10 europejskich najwi\u0119kszych producent\u00f3w kolektor\u00f3w p\u0142askich.<\/p>\n<p><img decoding=\"async\" class=\"wp-image-39302 size-full aligncenter\" src=\"https:\/\/sklep.hewalex.pl\/wp-content\/uploads\/2024\/06\/firma_top10.jpg\" alt=\"\" width=\"1024\" height=\"504\" srcset=\"https:\/\/sklep.hewalex.pl\/wp-content\/uploads\/2024\/06\/firma_top10.jpg 1024w, https:\/\/sklep.hewalex.pl\/wp-content\/uploads\/2024\/06\/firma_top10-700x345.jpg 700w, https:\/\/sklep.hewalex.pl\/wp-content\/uploads\/2024\/06\/firma_top10-768x378.jpg 768w, https:\/\/sklep.hewalex.pl\/wp-content\/uploads\/2024\/06\/firma_top10-640x315.jpg 640w, https:\/\/sklep.hewalex.pl\/wp-content\/uploads\/2024\/06\/firma_top10-400x197.jpg 400w, https:\/\/sklep.hewalex.pl\/wp-content\/uploads\/2024\/06\/firma_top10-600x295.jpg 600w\" sizes=\"(max-width: 1024px) 100vw, 1024px\" \/><\/p>\n<p>&nbsp;<\/p>\n<h3>Aktualna oferta firmy Hewalex &#8211; urz\u0105dzenia i systemy OZE<\/h3>\n<p>Oferta firmy Hewalex obejmuje mi\u0119dzy innymi kolektory s\u0142oneczne p\u0142askie, podgrzewacze pojemno\u015bciowe ciep\u0142ej wody u\u017cytkowej, zespo\u0142y pompowe, sterowniki, systemy zdalnego nadzoru, uchwyty mocuj\u0105ce kolektor\u00f3w s\u0142onecznych, armatur\u0119 i orurowanie instalacji solarnych. Odr\u0119bny dzia\u0142 oferty stanowi\u0105 pompy ciep\u0142a przeznaczone do podgrzewania ciep\u0142ej wody u\u017cytkowej oraz ogrzewania budynk\u00f3w.<\/p>\n<h3>Systemy automatyki i zdalnego monitoringu pracy urz\u0105dze\u0144 OZE<\/h3>\n<p>Szczeg\u00f3ln\u0105 wag\u0119 firma Hewalex przyk\u0142ada do rozwoju system\u00f3w automatyki i zdalnego monitoringu pracy urz\u0105dze\u0144 OZE. System EKONTROL s\u0142u\u017cy do zdalnego nadzoru pracy instalacji solarnych, fotowoltaicznych oraz pomp ciep\u0142a. System OPTI-ENER pozwala z kolei zarz\u0105dza\u0107 bilansem energii elektrycznej w budynku. Szczeg\u00f3lnie, gdy zastosowana jest instalacja fotowoltaiczna, system OPTI-ENER mo\u017ce optymalizowa\u0107 jego wsp\u00f3\u0142prac\u0119 z sieci\u0105 elektroenergetyczn\u0105. Steruj\u0105c prac\u0105 urz\u0105dze\u0144 elektrycznych w budynku, ogranicza ilo\u015b\u0107 energii oddawanej do sieci, co zwi\u0119ksza op\u0142acalno\u015b\u0107 pracy instalacji PV.<\/p>\n<h3>Innowacje i projekty badawczo-rozwojowe<\/h3>\n<p>D\u0142ugoletnie do\u015bwiadczenie w projektowaniu i produkcji system\u00f3w wykorzystuj\u0105cych energi\u0119 s\u0142oneczn\u0105 oraz w\u0142asne zaplecze konstrukcyjno-badawcze pozwala bra\u0107 udzia\u0142 w mi\u0119dzynarodowych projektach badawczo-rozwojowych. Przyk\u0142adem mo\u017ce by\u0107 projekt kolektor\u00f3w s\u0142onecznych z integraln\u0105 funkcj\u0105 wytwarzania ch\u0142odu. W ramach projektu SunCool w obiekcie przemys\u0142owym w Karlstad (Szwecja) zosta\u0142a zainstalowana instalacja solarna do wytwarzania ch\u0142odu. 130 kolektor\u00f3w s\u0142onecznych o nominalnej mocy ch\u0142odniczej 40 kW cechuje si\u0119 szczeg\u00f3lnie wysok\u0105 efektywno\u015bci\u0105 COP r\u00f3wn\u0105 10,6, co oznacza, \u017ce z 1 kW energii elektrycznej wytwarza si\u0119 10,6 kW ch\u0142odu. Pierwszy rok pracy pokazuje, \u017ce jest mo\u017cliwy dalszy wzrostu efektywno\u015bci. Firma Hewalex w ramach projektu uczestniczy\u0142a w projektowaniu specjalnych kolektor\u00f3w s\u0142onecznych pr\u00f3\u017cniowo-p\u0142askich wykorzystuj\u0105cych cechy bromku litu w procesie wytwarzania ch\u0142odu. Kolektory, a tak\u017ce kompletne platformy laboratoryjne by\u0142y produkowane w zak\u0142adzie firmy w Czechowicach-Dziedzicach.<\/p>\n<h3>Realizacje w ponad 250.000 obiektach w kraju i zagranic\u0105<\/h3>\n<p>Urz\u0105dzenia firmy Hewalex znalaz\u0142y zastosowanie w ostatnich 35 latach w ka\u017cdego rodzaju budynkach, zar\u00f3wno mieszkalnych, jak i o charakterze biurowym, turystycznym, przemys\u0142owym, edukacyjnym, sportowym i wielu innych. Instalacje solarne oraz pompy ciep\u0142a znalaz\u0142y zastosowanie zar\u00f3wno w ma\u0142ych, jak i du\u017cych uk\u0142adach grzewczych.<\/p>\n<h3>Kilka fakt\u00f3w o firmie Hewalex:<\/h3>\n<ul class=\"list list-icons list-icons-lg\">\n<li><i class=\"fa fa-check\"><\/i>35 lat do\u015bwiadczenia w produkcji urz\u0105dze\u0144 OZE<\/li>\n<li><i class=\"fa fa-check\"><\/i>Najd\u0142u\u017cej dzia\u0142aj\u0105cy nieprzerwanie krajowy producent kolektor\u00f3w s\u0142onecznych i komponent\u00f3w instalacji solarnych<\/li>\n<li><i class=\"fa fa-check\"><\/i>Pozycja czo\u0142owego producenta na rynku krajowym w segmencie kolektor\u00f3w s\u0142onecznych i pomp ciep\u0142a<\/li>\n<li><i class=\"fa fa-check\"><\/i>Obecno\u015b\u0107 w ponad 50 krajach potwierdzaj\u0105ca wysokie standardy techniczne produkt\u00f3w<\/li>\n<li><i class=\"fa fa-check\"><\/i>W\u0142asne zaplecze rozwojowo-badawcze i konstrukcyjne, tak\u017ce dla realizacji nietypowych projekt\u00f3w<\/li>\n<li><i class=\"fa fa-check\"><\/i>Udzia\u0142 w projekcie GREENEVO wspieraj\u0105cym rozw\u00f3j polskich innowacyjnych przedsi\u0119biorstw na rynkach zagranicznych<\/li>\n<li><i class=\"fa fa-check\"><\/i>Wsp\u00f3\u0142praca mi\u0119dzynarodowych projektach badawczo-rozwojowych<\/li>\n<li><i class=\"fa fa-check\"><\/i>Wsp\u00f3\u0142praca z uznanymi na rynku firmami wykonawczymi, projektowymi i handlowymi<\/li>\n<li><i class=\"fa fa-check\"><\/i>Dba\u0142o\u015b\u0107 o zabezpieczenie praw Klienta \u2013 szczeg\u00f3lnie d\u0142ugie okresy gwarancji<\/li>\n<li><i class=\"fa fa-check\"><\/i>System Zarz\u0105dzania Jako\u015bci\u0105 wg standardu ISO 9001<\/li>\n<li><i class=\"fa fa-check\"><\/i>Audyty wed\u0142ug wymaga\u0144 krajowych, np. na rynek francuski, p\u00f3\u0142nocnoameryka\u0144ski<\/li>\n<\/ul>","protected":false},"excerpt":{"rendered":"<p>\u00a035 lat rozwoju w bran\u017cy OZE \u2013 od wizji do wiod\u0105cego producenta Rozw\u00f3j firmy Hewalex zapocz\u0105tkowany zosta\u0142 35 lat temu na d\u0142ugo przed intensywnym rozwoju polskiego rynku Odnawialnych \u0179r\u00f3de\u0142 Energii. U podstaw rozwoju na prze\u0142omie lat 80\/90-tych le\u017ca\u0142a wizja spodziewanej konieczno\u015bci ograniczania zu\u017cycia tradycyjnych no\u015bnik\u00f3w energii. Od samego pocz\u0105tku priorytetem by\u0142o zapewnienie wysokiej jako\u015bci i [&hellip;]<\/p>\n","protected":false},"author":2,"featured_media":0,"parent":0,"menu_order":0,"comment_status":"closed","ping_status":"closed","template":"","meta":{"footnotes":""},"class_list":["post-55","page","type-page","status-publish","hentry"],"_links":{"self":[{"href":"https:\/\/sklep.hewalex.pl\/en\/wp-json\/wp\/v2\/pages\/55","targetHints":{"allow":["GET"]}}],"collection":[{"href":"https:\/\/sklep.hewalex.pl\/en\/wp-json\/wp\/v2\/pages"}],"about":[{"href":"https:\/\/sklep.hewalex.pl\/en\/wp-json\/wp\/v2\/types\/page"}],"author":[{"embeddable":true,"href":"https:\/\/sklep.hewalex.pl\/en\/wp-json\/wp\/v2\/users\/2"}],"replies":[{"embeddable":true,"href":"https:\/\/sklep.hewalex.pl\/en\/wp-json\/wp\/v2\/comments?post=55"}],"version-history":[{"count":42,"href":"https:\/\/sklep.hewalex.pl\/en\/wp-json\/wp\/v2\/pages\/55\/revisions"}],"predecessor-version":[{"id":39304,"href":"https:\/\/sklep.hewalex.pl\/en\/wp-json\/wp\/v2\/pages\/55\/revisions\/39304"}],"wp:attachment":[{"href":"https:\/\/sklep.hewalex.pl\/en\/wp-json\/wp\/v2\/media?parent=55"}],"curies":[{"name":"wp","href":"https:\/\/api.w.org\/{rel}","templated":true}]}}