{"id":2360,"date":"2019-11-12T14:57:04","date_gmt":"2019-11-12T13:57:04","guid":{"rendered":"https:\/\/sklep.hewalex.pl\/?page_id=2360"},"modified":"2019-11-12T15:05:10","modified_gmt":"2019-11-12T14:05:10","slug":"data-protection","status":"publish","type":"page","link":"https:\/\/sklep.hewalex.pl\/en\/data-protection\/","title":{"rendered":"RODO &#8211; Klauzula informacyjna"},"content":{"rendered":"<p>Zgodnie z art. 13 ust. 1 i 2 Rozporz\u0105dzenia Parlamentu Europejskiego i Rady (UE) 2016\/679 z dnia 27 kwietnia 2016 r. w sprawie ochrony os\u00f3b fizycznych w zwi\u0105zku z przetwarzaniem danych osobowych i w sprawie swobodnego przep\u0142ywu takich danych oraz uchylenia dyrektywy 95\/46\/WE (Og\u00f3lne rozporz\u0105dzenie o ochronie danych) informujemy o zasadach przetwarzania Pani\/Pana danych osobowych oraz o przys\u0142uguj\u0105cych Pani\/Panu prawach z tym zwi\u0105zanych.<\/p>\n<table class=\"table table-bordered\">\n<tbody>\n<tr>\n<th class=\"active align-center\" colspan=\"2\">Administrator Danych Osobowych<\/th>\n<\/tr>\n<tr>\n<td colspan=\"2\">Administratorem danych osobowych (dalej: \u201eAdministrator\u201d) jest firma&nbsp;Hewalex Sp. z o.o. Sp.k. z siedzib\u0105 w Czechowicach-Dziedzicach, 43-502, ul. S\u0142owackiego 33.<\/td>\n<\/tr>\n<tr>\n<th class=\"active align-center\" colspan=\"2\">CONTACT INFORMATION<\/th>\n<\/tr>\n<tr>\n<td colspan=\"2\">Jako Administrator nie wyznaczyli\u015bmy inspektora ochrony danych. We wszystkich sprawach dotycz\u0105cych przetwarzania danych osobowych przez nas oraz korzystania z praw zwi\u0105zanych z przetwarzaniem danych mo\u017cna kontaktowa\u0107 si\u0119 z pe\u0142nomocnikiem zarz\u0105du ds. ochrony danych osobowych, pisz\u0105c na adres&nbsp;odo@hewalex.pl, adres korespondencyjny&nbsp;Administratora lub osobi\u015bcie w siedzibie firmy.<\/td>\n<\/tr>\n<tr>\n<th class=\"active align-center\" colspan=\"2\">Przetwarzanie danych<\/th>\n<\/tr>\n<tr>\n<th class=\"active align-center\" width=\"50%\">Cel przetwarzania danych<\/th>\n<th class=\"active align-center\">Podstawa przetwarzania danych<\/th>\n<\/tr>\n<tr>\n<td>Ofertowanie, zawarcie i wykonanie umowy oraz \u015bwiadczenia us\u0142ug zgodnie z umow\u0105,<\/td>\n<td>niezb\u0119dno\u015b\u0107 przetwarzania danych do zawarcia i wykonywania umowy,<\/td>\n<\/tr>\n<tr>\n<td>dla cel\u00f3w marketingowych Administratora, w tym profilowania dla cel\u00f3w marketingowych i w celach analitycznych,<\/td>\n<td>udzielona zgoda, a w niekt\u00f3rych przypadkach (np., kontaktu w celu uzyskania zgody) tak\u017ce uzasadniony interes administratora<\/td>\n<\/tr>\n<tr>\n<td>ewentualnie w celu dochodzenia roszcze\u0144 zwi\u0105zanych z zawart\u0105 z Pani\u0105\/Panem umow\u0105 \/ \u015bwiadczonymi us\u0142ugami.<\/td>\n<td>niezb\u0119dno\u015b\u0107 przetwarzania do realizacji prawnie uzasadnionego interesu administratora; uzasadnionym interesem administratora jest mo\u017cliwo\u015b\u0107 dochodzenia przez niego roszcze\u0144.<\/td>\n<\/tr>\n<tr>\n<td colspan=\"2\">Konkretny cel i podstawa przetwarzania s\u0105 podawane w odr\u0119bnej informacji kierowanej do os\u00f3b, kt\u00f3rych dane dotycz\u0105.<\/td>\n<\/tr>\n<tr>\n<th class=\"align-center\" colspan=\"2\">Okres przez kt\u00f3ry dane b\u0119d\u0105 przechowywane<\/th>\n<\/tr>\n<tr>\n<td colspan=\"2\">Dane osobowe b\u0119d\u0105 przechowywane do momentu przedawnienia roszcze\u0144 z tytu\u0142u umowy\/ \u015bwiadczenia us\u0142ug lub do momentu wyga\u015bni\u0119cia obowi\u0105zku przechowywania danych wynikaj\u0105cego z przepis\u00f3w prawa, w szczeg\u00f3lno\u015bci obowi\u0105zku przechowywania dokument\u00f3w ksi\u0119gowych dotycz\u0105cych umowy.<br \/>\nJe\u015bli przetwarzamy dane w oparciu o Twoj\u0105 zgod\u0119, dane osobowe b\u0119d\u0105 przetwarzane do momentu jej wycofania.<\/td>\n<\/tr>\n<tr>\n<th class=\"align-center\" colspan=\"2\">Odbiorcy danych<\/th>\n<\/tr>\n<tr>\n<td colspan=\"2\">Dane mog\u0105 by\u0107 przekazywane podmiotom przetwarzaj\u0105cym dane osobowe na zlecenie Administratora m.in. dostawcom us\u0142ug IT, podmiotom przetwarzaj\u0105cym dane w celu windykacji nale\u017cno\u015bci, agencjom marketingowym, firmom kurierskim oraz firmom instalatorskim \u2013 przy czym takie podmioty przetwarzaj\u0105 dane na podstawie umowy z Administratorem i wy\u0142\u0105cznie zgodnie z naszymi poleceniami.<\/td>\n<\/tr>\n<tr>\n<th class=\"align-center\" colspan=\"2\">Przekazywanie danych poza EOG<\/th>\n<\/tr>\n<tr>\n<td colspan=\"2\">Zebrane dane osobowe, w ramach sprzeda\u017cy krajowej, nie b\u0119d\u0105 przekazywane do odbiorc\u00f3w znajduj\u0105cych si\u0119 w pa\u0144stwach poza Europejskim Obszarem Gospodarczym (Kraje Unii Europejskiej oraz Islandia, Liechtenstein i Norwegia).<\/td>\n<\/tr>\n<tr>\n<th class=\"align-center\" colspan=\"2\">Prawa osoby, kt\u00f3rej dane dotycz\u0105<\/th>\n<\/tr>\n<tr>\n<td colspan=\"2\">Przys\u0142uguje Ci prawo dost\u0119pu do Twoich danych oraz prawo \u017c\u0105dania ich sprostowania, usuni\u0119cia, ograniczenia przetwarzania. Je\u015bli podstaw\u0105 przetwarzania Twoich danych osobowych jest prawnie uzasadniony interes Administratora, mo\u017cesz wnie\u015b\u0107 sprzeciw wobec przetwarzania Twoich danych osobowych. W szczeg\u00f3lno\u015bci przys\u0142uguje Ci prawo sprzeciwu wobec<br \/>\nprzetwarzania na potrzeby marketingu bezpo\u015bredniego, w tym profilowania i w celach analitycznych.<\/p>\n<ul>\n<li>W zakresie, w jakim podstaw\u0105 przetwarzania Twoich danych osobowych jest zgoda, masz prawo cofni\u0119cia zgody. Cofni\u0119cie zgody nie ma wp\u0142ywu na zgodno\u015b\u0107 z prawem przetwarzania, kt\u00f3rego dokonano na podstawie zgody przed jej wycofaniem.<\/li>\n<li>W zakresie, w jakim Twoje dane s\u0105 przetwarzane w celu zawarcia i wykonywania umowy\/ \u015bwiadczenia us\u0142ug lub przetwarzane na podstawie zgody \u2013 przys\u0142uguje Ci tak\u017ce prawo do przenoszenia danych osobowych. W takiej sytuacji otrzymasz od nas swoje dane osobowe w ustrukturyzowanym, powszechnie u\u017cywanym formacie, nadaj\u0105cym si\u0119 do odczytu maszynowego. Mo\u017cesz przes\u0142a\u0107 te dane innemu administratorowi danych.<\/li>\n<li>Przys\u0142uguje Ci r\u00f3wnie\u017c prawo wniesienia skargi do organu nadzorczego zajmuj\u0105cego si\u0119 ochron\u0105 danych osobowych.<\/li>\n<li>Podanie danych osobowych w zwi\u0105zku z zawieran\u0105 umow\u0105 \/ \u015bwiadczonymi na jej podstawie us\u0142ugami jest dobrowolne, ale konieczne do zawarcia i wykonywania umowy \u2013 bez podania danych osobowych nie jest mo\u017cliwe zawarcie umowy \/ \u015bwiadczenie us\u0142ug.<\/li>\n<li>Podanie danych osobowych w celach marketingowych jest dobrowolne.<\/li>\n<\/ul>\n<\/td>\n<\/tr>\n<\/tbody>\n<\/table>","protected":false},"excerpt":{"rendered":"<p>Zgodnie z art. 13 ust. 1 i 2 Rozporz\u0105dzenia Parlamentu Europejskiego i Rady (UE) 2016\/679 z dnia 27 kwietnia 2016 r. w sprawie ochrony os\u00f3b fizycznych w zwi\u0105zku z przetwarzaniem danych osobowych i w sprawie swobodnego przep\u0142ywu takich danych oraz uchylenia dyrektywy 95\/46\/WE (Og\u00f3lne rozporz\u0105dzenie o ochronie danych) informujemy o zasadach przetwarzania Pani\/Pana danych osobowych [&hellip;]<\/p>\n","protected":false},"author":2,"featured_media":0,"parent":0,"menu_order":0,"comment_status":"closed","ping_status":"closed","template":"","meta":{"footnotes":""},"class_list":["post-2360","page","type-page","status-publish","hentry"],"_links":{"self":[{"href":"https:\/\/sklep.hewalex.pl\/en\/wp-json\/wp\/v2\/pages\/2360","targetHints":{"allow":["GET"]}}],"collection":[{"href":"https:\/\/sklep.hewalex.pl\/en\/wp-json\/wp\/v2\/pages"}],"about":[{"href":"https:\/\/sklep.hewalex.pl\/en\/wp-json\/wp\/v2\/types\/page"}],"author":[{"embeddable":true,"href":"https:\/\/sklep.hewalex.pl\/en\/wp-json\/wp\/v2\/users\/2"}],"replies":[{"embeddable":true,"href":"https:\/\/sklep.hewalex.pl\/en\/wp-json\/wp\/v2\/comments?post=2360"}],"version-history":[{"count":8,"href":"https:\/\/sklep.hewalex.pl\/en\/wp-json\/wp\/v2\/pages\/2360\/revisions"}],"predecessor-version":[{"id":2368,"href":"https:\/\/sklep.hewalex.pl\/en\/wp-json\/wp\/v2\/pages\/2360\/revisions\/2368"}],"wp:attachment":[{"href":"https:\/\/sklep.hewalex.pl\/en\/wp-json\/wp\/v2\/media?parent=2360"}],"curies":[{"name":"wp","href":"https:\/\/api.w.org\/{rel}","templated":true}]}}