{"id":10901,"date":"2021-03-01T08:33:46","date_gmt":"2021-03-01T07:33:46","guid":{"rendered":"https:\/\/sklep.hewalex.pl\/?page_id=10901"},"modified":"2023-04-12T11:42:30","modified_gmt":"2023-04-12T09:42:30","slug":"wspolpraca","status":"publish","type":"page","link":"https:\/\/sklep.hewalex.pl\/en\/wspolpraca\/","title":{"rendered":"Wsp\u00f3\u0142praca"},"content":{"rendered":"<div class=\"wpb-content-wrapper\"><div data-vc-full-width=\"true\" data-vc-full-width-temp=\"true\" data-vc-full-width-init=\"false\" data-original=\"https:\/\/sklep.hewalex.pl\/wp-content\/uploads\/2021\/02\/grafika_1.png?id=10903\" class=\"vc_row wpb_row row top-row background-center vc_custom_1613730144625 vc_row-has-fill porto-lazyload wpb_custom_034b39d9bc6c6b310d69e39f0ccf274f\"><div class=\"vc_column_container col-md-12\"><div class=\"wpb_wrapper vc_column-inner\"><div class=\"vc_row wpb_row vc_inner row hewalex-wsp-content\"><div class=\"vc_column_container col-md-12 vc_custom_1613730374212\"><div class=\"wpb_wrapper vc_column-inner\">\r\n\t<div class=\"wpb_text_column wpb_content_element wpb_custom_7c91d232724f73626cc933bd95b25ff0\" >\r\n\t\t<div class=\"wpb_wrapper\">\r\n\t\t\t<h1 class=\"hewalex-div-h1-white\">Kupuj szybciej i wygodniej<\/h1>\n<p class=\"hewalex-div-p-white\">Za\u0142\u00f3\u017c konto instalatora Hewalex, a wszystko,<br \/>\nczego potrzebujesz znajdziesz w jednym miejscu<\/p>\n<p><a class=\"button btn-primay btn-white\" href=\"https:\/\/sso.hewalex.pl\/installer\/registration\">za\u0142\u00f3\u017c konto instalatora<\/a><\/p>\n\r\n\t\t<\/div>\r\n\t<\/div>\r\n<\/div><\/div><\/div><\/div><\/div><div class=\"vc_column_container col-md-12\"><div class=\"wpb_wrapper vc_column-inner\"><\/div><\/div><\/div><div class=\"vc_row-full-width vc_clearfix\"><\/div><div class=\"vc_row wpb_row row top-row hewalex-wsp-content vc_custom_1613733644686 vc_row-o-content-middle vc_row-flex wpb_custom_034b39d9bc6c6b310d69e39f0ccf274f\"><div class=\"vc_column_container col-md-6 text-center\"><div class=\"wpb_wrapper vc_column-inner\"><div class=\"porto-image-frame\"><img decoding=\"async\" alt=\"\" src=\"\/\/sklep.hewalex.pl\/wp-content\/uploads\/2021\/02\/grafika_2.png\" class=\"img-responsive img-rounded\" width=\"412\" height=\"386\"><\/div><\/div><\/div><div class=\"vc_column_container col-md-6 vc_custom_1613732984442\"><div class=\"wpb_wrapper vc_column-inner\">\r\n\t<div class=\"wpb_text_column wpb_content_element wpb_custom_7c91d232724f73626cc933bd95b25ff0\" >\r\n\t\t<div class=\"wpb_wrapper\">\r\n\t\t\t<h2 class=\"hewalex-div-h2\"><strong>Indywidualne warunki wsp\u00f3\u0142pracy<\/strong><\/h2>\n<p class=\"hewalex-div-p\">Porozmawiaj z naszymi konsultantami i ustal warunki wsp\u00f3\u0142pracy kt\u00f3re b\u0119d\u0105 najbardziej korzystne dla Ciebie.<\/p>\n\r\n\t\t<\/div>\r\n\t<\/div>\r\n<\/div><\/div><\/div><div class=\"vc_row wpb_row row top-row hewalex-wsp-content vc_custom_1613734725592 vc_row-o-content-middle vc_row-flex wpb_custom_034b39d9bc6c6b310d69e39f0ccf274f\"><div class=\"order-1 vc_column_container col-md-6\"><div class=\"wpb_wrapper vc_column-inner\">\r\n\t<div class=\"wpb_text_column wpb_content_element wpb_custom_7c91d232724f73626cc933bd95b25ff0\" >\r\n\t\t<div class=\"wpb_wrapper\">\r\n\t\t\t<h2 class=\"hewalex-div-h2\"><strong>Oszcz\u0119dzaj czas<\/strong><\/h2>\n<p class=\"hewalex-div-p\">Skorzystaj z wygodnych zakup\u00f3w online, dzi\u0119ki kt\u00f3rym w \u0142atwy spos\u00f3b stworzysz zestawy produktowe dostosowane do Twoich potrzeb.<\/p>\n\r\n\t\t<\/div>\r\n\t<\/div>\r\n<\/div><\/div><div class=\"order-0 vc_column_container col-md-6 text-center\"><div class=\"wpb_wrapper vc_column-inner\"><div class=\"porto-image-frame\"><img decoding=\"async\" alt=\"\" src=\"\/\/sklep.hewalex.pl\/wp-content\/uploads\/2021\/02\/grafika_3.png\" class=\"img-responsive img-rounded\" width=\"472\" height=\"313\"><\/div><\/div><\/div><\/div><div class=\"vc_row wpb_row row top-row hewalex-wsp-content vc_custom_1613733670098 text-center vc_row-o-content-middle vc_row-flex wpb_custom_034b39d9bc6c6b310d69e39f0ccf274f\"><div class=\"vc_column_container col-md-12\"><div class=\"wpb_wrapper vc_column-inner\">\r\n\t<div class=\"wpb_text_column wpb_content_element wpb_custom_7c91d232724f73626cc933bd95b25ff0\" >\r\n\t\t<div class=\"wpb_wrapper\">\r\n\t\t\t<h2 class=\"hewalex-div-h2\">Kupuj sprz\u0119t szybciej i wygodniej<br \/>\nZarejestruj si\u0119 na Hewalex<\/h2>\n<p class=\"hewalex-div-p\">Za\u0142\u00f3\u017c konto w 3 prostych krokach i znajd\u017a wszystko<br \/>\nczego potrzebujesz w jednym miejscu<\/p>\n<p><a class=\"btn btn-primary\" href=\"https:\/\/sso.hewalex.pl\/installer\/registration\">Za\u0142\u00f3\u017c konto instalatora<\/a><\/p>\n\r\n\t\t<\/div>\r\n\t<\/div>\r\n<\/div><\/div><\/div>\n<\/div>","protected":false},"excerpt":{"rendered":"Kupuj szybciej i wygodniej Za\u0142\u00f3\u017c konto instalatora Hewalex, a wszystko, czego potrzebujesz znajdziesz w jednym miejscu za\u0142\u00f3\u017c konto instalatora Indywidualne warunki wsp\u00f3\u0142pracy Porozmawiaj z naszymi konsultantami i ustal warunki wsp\u00f3\u0142pracy kt\u00f3re b\u0119d\u0105 najbardziej korzystne dla Ciebie. Oszcz\u0119dzaj czas Skorzystaj z wygodnych zakup\u00f3w online, dzi\u0119ki kt\u00f3rym w \u0142atwy spos\u00f3b stworzysz zestawy produktowe dostosowane do Twoich potrzeb. [...]","protected":false},"author":2,"featured_media":0,"parent":0,"menu_order":0,"comment_status":"closed","ping_status":"closed","template":"","meta":{"footnotes":""},"class_list":["post-10901","page","type-page","status-publish","hentry"],"_links":{"self":[{"href":"https:\/\/sklep.hewalex.pl\/en\/wp-json\/wp\/v2\/pages\/10901","targetHints":{"allow":["GET"]}}],"collection":[{"href":"https:\/\/sklep.hewalex.pl\/en\/wp-json\/wp\/v2\/pages"}],"about":[{"href":"https:\/\/sklep.hewalex.pl\/en\/wp-json\/wp\/v2\/types\/page"}],"author":[{"embeddable":true,"href":"https:\/\/sklep.hewalex.pl\/en\/wp-json\/wp\/v2\/users\/2"}],"replies":[{"embeddable":true,"href":"https:\/\/sklep.hewalex.pl\/en\/wp-json\/wp\/v2\/comments?post=10901"}],"version-history":[{"count":66,"href":"https:\/\/sklep.hewalex.pl\/en\/wp-json\/wp\/v2\/pages\/10901\/revisions"}],"predecessor-version":[{"id":33503,"href":"https:\/\/sklep.hewalex.pl\/en\/wp-json\/wp\/v2\/pages\/10901\/revisions\/33503"}],"wp:attachment":[{"href":"https:\/\/sklep.hewalex.pl\/en\/wp-json\/wp\/v2\/media?parent=10901"}],"curies":[{"name":"wp","href":"https:\/\/api.w.org\/{rel}","templated":true}]}}